{"id":3616,"date":"2025-05-18T08:38:11","date_gmt":"2025-05-18T08:38:11","guid":{"rendered":"https:\/\/laserline-terapia.hu\/termek\/safe-laser-beauty-pro\/"},"modified":"2026-03-11T12:18:11","modified_gmt":"2026-03-11T12:18:11","slug":"safe-laser-beauty-pro","status":"publish","type":"product","link":"https:\/\/laserline-terapia.hu\/en\/termek\/safe-laser-beauty-pro\/","title":{"rendered":"Safe Laser Beauty Pro"},"content":{"rendered":"<h1>Safe Laser Beauty Pro \u2013 Professional Home Skin Rejuvenation Technology<\/h1>\n<p>The Safe Laser Beauty Pro is the most advanced home soft laser facial treatment device, bringing the results of beauty salons to your home \u2013 without pain, injury, or recovery time. The device operates with a combination of 808 nm infrared and 488 nm blue laser light, enabling it to stimulate not only the upper layers of the skin but also deeper connective tissues, muscle layers, and even facial bones. <\/p>\n<p>Regular use of the Safe Laser Beauty Pro brings about positive changes not only in the superficial layers of the skin \u2013 the deep-penetrating action of the laser light can reach the sagging muscle layer of the face and even stimulate the facial bones. This deep reach is crucial for improving the skin&#8217;s condition not just aesthetically, but also initiating regeneration at a structural level. <\/p>\n<p>The biostimulating effect of the laser stimulates cellular energy utilization and enhances metabolism, contributing to the initiation of new collagen, elastin, and hyaluronic acid production. These components are responsible for the skin&#8217;s natural firmness and elasticity, allowing the face to gradually regain its youthful contours and tone during treatment. Facial contours become more defined, the skin feels smoother and plumper, while wrinkles visibly diminish.  <\/p>\n<p>The micro-massage motor built into the Safe Laser Beauty Pro device further enhances its effectiveness. Gentle vibrational impulses stimulate blood and lymphatic circulation, thereby promoting nutrient and oxygen supply to cells and the removal of toxins. This complex effect also strengthens immune processes, which aid in the faster, scar-free healing of inflammatory skin problems such as acne and pimples.  <\/p>\n<p>A further benefit of the treatment is the gradual fading of pigment spots \u2013 such as liver spots or age-related discolorations. Skin tone becomes more even, texture becomes finer and more uniform, and the skin regains its healthy glow. The stimulating effect of the laser also promotes the regeneration of epidermal injuries, abrasions, and even surgical scars, thereby improving the overall appearance of the skin.  <\/p>\n<p>The special microstructure of the lens used in the treatment head ensures that the device does not stick to the skin, allowing for more comfortable and safer use. Additionally, it enhances the efficiency of the vibration mechanism, distributing the laser light more evenly over the treated surface, thus ensuring even more consistent results. <\/p>\n<h2>What makes Safe Laser Beauty Pro special?<\/h2>\n<ul>\n<li>Stimulates collagen and elastin production at the cellular level<\/li>\n<li>Stimulates muscle layers, thereby improving facial contours<\/li>\n<li>Regenerates through biostimulation \u2013 ATP production is enhanced<\/li>\n<li>Supports bone regeneration<\/li>\n<\/ul>\n<h2>Treatment Steps \u2013 Safe Laser Beauty System Protocol<\/h2>\n<ol>\n<li>Skin cleansing \u2013 removal of makeup, impurities<\/li>\n<li>Preparation \u2013 Safe Laser Pure Oxygen Spray (not included)<\/li>\n<li>Active ingredient application \u2013 Safe Laser Gel (not included)<\/li>\n<li>Use of Safe Laser Beauty Pro \u2013 1 minute per point<\/li>\n<li>Finishing care \u2013 optional use of cream or mask<\/li>\n<\/ol>\n<h2>What problems does it solve?<\/h2>\n<ul>\n<li>Reduction of wrinkles, fine lines<\/li>\n<li>Improvement of tone and texture<\/li>\n<li>Fading of pigment spots<\/li>\n<li>Alleviation of rosacea, inflamed skin conditions<\/li>\n<li>Strengthening of contours<\/li>\n<li>Acceleration of injury regeneration<\/li>\n<\/ul>\n<h2>Safe Laser Beauty Pro Package Contents<\/h2>\n<table border=\"1\" cellspacing=\"0\" cellpadding=\"8\">\n<tbody>\n<tr>\n<th>Accessory<\/th>\n<th>Description<\/th>\n<\/tr>\n<tr>\n<td>Safe Laser Beauty Pro device<\/td>\n<td>808 nm + 488 nm soft laser<\/td>\n<\/tr>\n<tr>\n<td>Built-in battery<\/td>\n<td>Rechargeable, long lifespan<\/td>\n<\/tr>\n<tr>\n<td>Charger<\/td>\n<td>USB charging cable + adapter<\/td>\n<\/tr>\n<tr>\n<td>Nose treatment head + rubber ring<\/td>\n<td>For optional sinus and ear treatments<\/td>\n<\/tr>\n<tr>\n<td>Blue case<\/td>\n<td>Premium storage and carrying box<\/td>\n<\/tr>\n<\/tbody>\n<\/table>\n<h2>Why choose it?<\/h2>\n<ul>\n<li>Salon-level results at home<\/li>\n<li>Scientifically proven biostimulation effect<\/li>\n<li>Just a few minutes daily, long-term results<\/li>\n<li>External and internal rejuvenation with a single device<\/li>\n<li>Gentle yet effective method, even for sensitive skin<\/li>\n<\/ul>\n<h2>Technical Data<\/h2>\n<table border=\"1\" cellspacing=\"0\" cellpadding=\"8\">\n<tbody>\n<tr>\n<th>Feature<\/th>\n<th>Value<\/th>\n<\/tr>\n<tr>\n<td>Wavelength<\/td>\n<td>808 nm (infrared) + 488 nm (blue)<\/td>\n<\/tr>\n<tr>\n<td>Power<\/td>\n<td>500 mW<\/td>\n<\/tr>\n<tr>\n<td>Penetration depth<\/td>\n<td>up to 8 cm<\/td>\n<\/tr>\n<tr>\n<td>Power source<\/td>\n<td>Built-in battery<\/td>\n<\/tr>\n<tr>\n<td>Treatment time<\/td>\n<td>1 minute \/ treatment point<\/td>\n<\/tr>\n<\/tbody>\n<\/table>\n<p>&nbsp;<\/p>\n","protected":false},"excerpt":{"rendered":"<h2>\ud83c\udf81Special Offer! Free Safe Laser Cosmetics (3x15ml) package! <\/h2>\n<h2>Safe Laser Beauty Pro \u2013 Premium Home Skin Rejuvenation Solution<\/h2>\n<p>The <strong>Safe Laser Beauty Pro<\/strong> is an advanced soft laser device designed for home use, providing targeted assistance in reducing wrinkles, loss of skin tone, and sagging. Its compact size and elegant design allow you to perform professional-level treatments comfortably in your home environment. The device is safe for all skin types.  <\/p>\n<h3>What&#8217;s in the package?<\/h3>\n<ul>\n<li>Safe Laser Beauty Pro device<\/li>\n<li>1 blue case<\/li>\n<li>1 charger<\/li>\n<li>1 AC adapter<\/li>\n<\/ul>\n[cetelem_kalkulator szelesseg=\"100%\" magassag=\"220px\" tajolas=\"fekvo\" futamido=\"10\" barem=\"959\" onresz=\"0%\"]\n","protected":false},"featured_media":1899,"comment_status":"open","ping_status":"closed","template":"","meta":[],"product_brand":[],"product_cat":[50],"product_tag":[],"class_list":{"0":"post-3616","1":"product","2":"type-product","3":"status-publish","4":"has-post-thumbnail","6":"product_cat-safe-laser-device","8":"first","9":"instock","10":"shipping-taxable","11":"purchasable","12":"product-type-variable"},"yoast_head":"<!-- This site is optimized with the Yoast SEO Premium plugin v27.3 (Yoast SEO v27.3) - https:\/\/yoast.com\/product\/yoast-seo-premium-wordpress\/ -->\n<title>Safe Laser Beauty Pro - Premium Home Skin Rejuvenation Solution<\/title>\n<meta name=\"description\" content=\"The Safe Laser Beauty Pro is the newest member of the Safe Laser product family, developed for cosmetic purposes, enhancing collagen production.\" \/>\n<meta name=\"robots\" content=\"index, follow, max-snippet:-1, max-image-preview:large, max-video-preview:-1\" \/>\n<link rel=\"canonical\" href=\"https:\/\/laserline-terapia.hu\/en\/termek\/safe-laser-beauty-pro\/\" \/>\n<meta property=\"og:locale\" content=\"en_US\" \/>\n<meta property=\"og:type\" content=\"article\" \/>\n<meta property=\"og:title\" content=\"Safe Laser Beauty Pro\" \/>\n<meta property=\"og:description\" content=\"The Safe Laser Beauty Pro is the newest member of the Safe Laser product family, developed for cosmetic purposes, enhancing collagen production.\" \/>\n<meta property=\"og:url\" content=\"https:\/\/laserline-terapia.hu\/en\/termek\/safe-laser-beauty-pro\/\" \/>\n<meta property=\"og:site_name\" content=\"Laserline-terapia\" \/>\n<meta property=\"article:publisher\" content=\"https:\/\/www.facebook.com\/people\/Laserline-Terpia\/61557536309225\/\" \/>\n<meta property=\"article:modified_time\" content=\"2026-03-11T12:18:11+00:00\" \/>\n<meta property=\"og:image\" content=\"https:\/\/laserline-terapia.hu\/wp-content\/uploads\/2025\/05\/Safe-Laser-Beauty-Pro-laserline-terapia.hu-2.webp\" \/>\n\t<meta property=\"og:image:width\" content=\"2000\" \/>\n\t<meta property=\"og:image:height\" content=\"2000\" \/>\n\t<meta property=\"og:image:type\" content=\"image\/webp\" \/>\n<meta name=\"twitter:card\" content=\"summary_large_image\" \/>\n<meta name=\"twitter:label1\" content=\"Availability\" \/>\n\t<meta name=\"twitter:data1\" content=\"In stock\" \/>\n<script type=\"application\/ld+json\" class=\"yoast-schema-graph\">{\"@context\":\"https:\\\/\\\/schema.org\",\"@graph\":[{\"@type\":\"WebPage\",\"@id\":\"https:\\\/\\\/laserline-terapia.hu\\\/en\\\/termek\\\/safe-laser-beauty-pro\\\/\",\"url\":\"https:\\\/\\\/laserline-terapia.hu\\\/en\\\/termek\\\/safe-laser-beauty-pro\\\/\",\"name\":\"Safe Laser Beauty Pro - Premium Home Skin Rejuvenation Solution\",\"isPartOf\":{\"@id\":\"https:\\\/\\\/laserline-terapia.hu\\\/en\\\/#website\"},\"primaryImageOfPage\":{\"@id\":\"https:\\\/\\\/laserline-terapia.hu\\\/en\\\/termek\\\/safe-laser-beauty-pro\\\/#primaryimage\"},\"image\":{\"@id\":\"https:\\\/\\\/laserline-terapia.hu\\\/en\\\/termek\\\/safe-laser-beauty-pro\\\/#primaryimage\"},\"thumbnailUrl\":\"https:\\\/\\\/laserline-terapia.hu\\\/wp-content\\\/uploads\\\/2025\\\/05\\\/Safe-Laser-Beauty-Pro-laserline-terapia.hu-2.webp\",\"datePublished\":\"2025-05-18T08:38:11+00:00\",\"dateModified\":\"2026-03-11T12:18:11+00:00\",\"description\":\"The Safe Laser Beauty Pro is the newest member of the Safe Laser product family, developed for cosmetic purposes, enhancing collagen production.\",\"breadcrumb\":{\"@id\":\"https:\\\/\\\/laserline-terapia.hu\\\/en\\\/termek\\\/safe-laser-beauty-pro\\\/#breadcrumb\"},\"inLanguage\":\"en-US\",\"potentialAction\":[{\"@type\":\"ReadAction\",\"target\":[\"https:\\\/\\\/laserline-terapia.hu\\\/en\\\/termek\\\/safe-laser-beauty-pro\\\/\"]}]},{\"@type\":\"ImageObject\",\"inLanguage\":\"en-US\",\"@id\":\"https:\\\/\\\/laserline-terapia.hu\\\/en\\\/termek\\\/safe-laser-beauty-pro\\\/#primaryimage\",\"url\":\"https:\\\/\\\/laserline-terapia.hu\\\/wp-content\\\/uploads\\\/2025\\\/05\\\/Safe-Laser-Beauty-Pro-laserline-terapia.hu-2.webp\",\"contentUrl\":\"https:\\\/\\\/laserline-terapia.hu\\\/wp-content\\\/uploads\\\/2025\\\/05\\\/Safe-Laser-Beauty-Pro-laserline-terapia.hu-2.webp\",\"width\":2000,\"height\":2000,\"caption\":\"Safe Laser Beauty Pro laserline-terapia.hu (2)\"},{\"@type\":\"BreadcrumbList\",\"@id\":\"https:\\\/\\\/laserline-terapia.hu\\\/en\\\/termek\\\/safe-laser-beauty-pro\\\/#breadcrumb\",\"itemListElement\":[{\"@type\":\"ListItem\",\"position\":1,\"name\":\"Kezd\u0151lap\",\"item\":\"https:\\\/\\\/laserline-terapia.hu\\\/en\\\/\"},{\"@type\":\"ListItem\",\"position\":2,\"name\":\"Shop\",\"item\":\"https:\\\/\\\/laserline-terapia.hu\\\/en\\\/shop\\\/\"},{\"@type\":\"ListItem\",\"position\":3,\"name\":\"Safe Laser Beauty Pro\"}]},{\"@type\":\"WebSite\",\"@id\":\"https:\\\/\\\/laserline-terapia.hu\\\/en\\\/#website\",\"url\":\"https:\\\/\\\/laserline-terapia.hu\\\/en\\\/\",\"name\":\"Laserline-terapia\",\"description\":\"Safe Laser v\u00e1s\u00e1rl\u00e1s \u00e9s b\u00e9rl\u00e9s\",\"publisher\":{\"@id\":\"https:\\\/\\\/laserline-terapia.hu\\\/en\\\/#organization\"},\"potentialAction\":[{\"@type\":\"SearchAction\",\"target\":{\"@type\":\"EntryPoint\",\"urlTemplate\":\"https:\\\/\\\/laserline-terapia.hu\\\/en\\\/?s={search_term_string}\"},\"query-input\":{\"@type\":\"PropertyValueSpecification\",\"valueRequired\":true,\"valueName\":\"search_term_string\"}}],\"inLanguage\":\"en-US\"},{\"@type\":[\"Organization\",\"Place\"],\"@id\":\"https:\\\/\\\/laserline-terapia.hu\\\/en\\\/#organization\",\"name\":\"Laserline-terapia\",\"url\":\"https:\\\/\\\/laserline-terapia.hu\\\/en\\\/\",\"logo\":{\"@id\":\"https:\\\/\\\/laserline-terapia.hu\\\/en\\\/termek\\\/safe-laser-beauty-pro\\\/#local-main-organization-logo\"},\"image\":{\"@id\":\"https:\\\/\\\/laserline-terapia.hu\\\/en\\\/termek\\\/safe-laser-beauty-pro\\\/#local-main-organization-logo\"},\"sameAs\":[\"https:\\\/\\\/www.facebook.com\\\/people\\\/Laserline-Terpia\\\/61557536309225\\\/\"],\"telephone\":[],\"openingHoursSpecification\":[{\"@type\":\"OpeningHoursSpecification\",\"dayOfWeek\":[\"Monday\",\"Tuesday\",\"Wednesday\",\"Thursday\",\"Friday\",\"Saturday\",\"Sunday\"],\"opens\":\"09:00\",\"closes\":\"17:00\"}]},{\"@type\":\"ImageObject\",\"inLanguage\":\"en-US\",\"@id\":\"https:\\\/\\\/laserline-terapia.hu\\\/en\\\/termek\\\/safe-laser-beauty-pro\\\/#local-main-organization-logo\",\"url\":\"https:\\\/\\\/laserline-terapia.hu\\\/wp-content\\\/uploads\\\/2024\\\/11\\\/laserline-terapia.hu-logo.webp\",\"contentUrl\":\"https:\\\/\\\/laserline-terapia.hu\\\/wp-content\\\/uploads\\\/2024\\\/11\\\/laserline-terapia.hu-logo.webp\",\"width\":493,\"height\":450,\"caption\":\"Laserline-terapia\"}]}<\/script>\n<meta property=\"og:availability\" content=\"instock\" \/>\n<meta property=\"product:availability\" content=\"instock\" \/>\n<meta property=\"product:condition\" content=\"new\" \/>\n<!-- \/ Yoast SEO Premium plugin. -->","yoast_head_json":{"title":"Safe Laser Beauty Pro - Premium Home Skin Rejuvenation Solution","description":"The Safe Laser Beauty Pro is the newest member of the Safe Laser product family, developed for cosmetic purposes, enhancing collagen production.","robots":{"index":"index","follow":"follow","max-snippet":"max-snippet:-1","max-image-preview":"max-image-preview:large","max-video-preview":"max-video-preview:-1"},"canonical":"https:\/\/laserline-terapia.hu\/en\/termek\/safe-laser-beauty-pro\/","og_locale":"en_US","og_type":"article","og_title":"Safe Laser Beauty Pro","og_description":"The Safe Laser Beauty Pro is the newest member of the Safe Laser product family, developed for cosmetic purposes, enhancing collagen production.","og_url":"https:\/\/laserline-terapia.hu\/en\/termek\/safe-laser-beauty-pro\/","og_site_name":"Laserline-terapia","article_publisher":"https:\/\/www.facebook.com\/people\/Laserline-Terpia\/61557536309225\/","article_modified_time":"2026-03-11T12:18:11+00:00","og_image":[{"width":2000,"height":2000,"url":"https:\/\/laserline-terapia.hu\/wp-content\/uploads\/2025\/05\/Safe-Laser-Beauty-Pro-laserline-terapia.hu-2.webp","type":"image\/webp"}],"twitter_card":"summary_large_image","twitter_misc":{"Availability":"In stock"},"schema":{"@context":"https:\/\/schema.org","@graph":[{"@type":"WebPage","@id":"https:\/\/laserline-terapia.hu\/en\/termek\/safe-laser-beauty-pro\/","url":"https:\/\/laserline-terapia.hu\/en\/termek\/safe-laser-beauty-pro\/","name":"Safe Laser Beauty Pro - Premium Home Skin Rejuvenation Solution","isPartOf":{"@id":"https:\/\/laserline-terapia.hu\/en\/#website"},"primaryImageOfPage":{"@id":"https:\/\/laserline-terapia.hu\/en\/termek\/safe-laser-beauty-pro\/#primaryimage"},"image":{"@id":"https:\/\/laserline-terapia.hu\/en\/termek\/safe-laser-beauty-pro\/#primaryimage"},"thumbnailUrl":"https:\/\/laserline-terapia.hu\/wp-content\/uploads\/2025\/05\/Safe-Laser-Beauty-Pro-laserline-terapia.hu-2.webp","datePublished":"2025-05-18T08:38:11+00:00","dateModified":"2026-03-11T12:18:11+00:00","description":"The Safe Laser Beauty Pro is the newest member of the Safe Laser product family, developed for cosmetic purposes, enhancing collagen production.","breadcrumb":{"@id":"https:\/\/laserline-terapia.hu\/en\/termek\/safe-laser-beauty-pro\/#breadcrumb"},"inLanguage":"en-US","potentialAction":[{"@type":"ReadAction","target":["https:\/\/laserline-terapia.hu\/en\/termek\/safe-laser-beauty-pro\/"]}]},{"@type":"ImageObject","inLanguage":"en-US","@id":"https:\/\/laserline-terapia.hu\/en\/termek\/safe-laser-beauty-pro\/#primaryimage","url":"https:\/\/laserline-terapia.hu\/wp-content\/uploads\/2025\/05\/Safe-Laser-Beauty-Pro-laserline-terapia.hu-2.webp","contentUrl":"https:\/\/laserline-terapia.hu\/wp-content\/uploads\/2025\/05\/Safe-Laser-Beauty-Pro-laserline-terapia.hu-2.webp","width":2000,"height":2000,"caption":"Safe Laser Beauty Pro laserline-terapia.hu (2)"},{"@type":"BreadcrumbList","@id":"https:\/\/laserline-terapia.hu\/en\/termek\/safe-laser-beauty-pro\/#breadcrumb","itemListElement":[{"@type":"ListItem","position":1,"name":"Kezd\u0151lap","item":"https:\/\/laserline-terapia.hu\/en\/"},{"@type":"ListItem","position":2,"name":"Shop","item":"https:\/\/laserline-terapia.hu\/en\/shop\/"},{"@type":"ListItem","position":3,"name":"Safe Laser Beauty Pro"}]},{"@type":"WebSite","@id":"https:\/\/laserline-terapia.hu\/en\/#website","url":"https:\/\/laserline-terapia.hu\/en\/","name":"Laserline-terapia","description":"Safe Laser v\u00e1s\u00e1rl\u00e1s \u00e9s b\u00e9rl\u00e9s","publisher":{"@id":"https:\/\/laserline-terapia.hu\/en\/#organization"},"potentialAction":[{"@type":"SearchAction","target":{"@type":"EntryPoint","urlTemplate":"https:\/\/laserline-terapia.hu\/en\/?s={search_term_string}"},"query-input":{"@type":"PropertyValueSpecification","valueRequired":true,"valueName":"search_term_string"}}],"inLanguage":"en-US"},{"@type":["Organization","Place"],"@id":"https:\/\/laserline-terapia.hu\/en\/#organization","name":"Laserline-terapia","url":"https:\/\/laserline-terapia.hu\/en\/","logo":{"@id":"https:\/\/laserline-terapia.hu\/en\/termek\/safe-laser-beauty-pro\/#local-main-organization-logo"},"image":{"@id":"https:\/\/laserline-terapia.hu\/en\/termek\/safe-laser-beauty-pro\/#local-main-organization-logo"},"sameAs":["https:\/\/www.facebook.com\/people\/Laserline-Terpia\/61557536309225\/"],"telephone":[],"openingHoursSpecification":[{"@type":"OpeningHoursSpecification","dayOfWeek":["Monday","Tuesday","Wednesday","Thursday","Friday","Saturday","Sunday"],"opens":"09:00","closes":"17:00"}]},{"@type":"ImageObject","inLanguage":"en-US","@id":"https:\/\/laserline-terapia.hu\/en\/termek\/safe-laser-beauty-pro\/#local-main-organization-logo","url":"https:\/\/laserline-terapia.hu\/wp-content\/uploads\/2024\/11\/laserline-terapia.hu-logo.webp","contentUrl":"https:\/\/laserline-terapia.hu\/wp-content\/uploads\/2024\/11\/laserline-terapia.hu-logo.webp","width":493,"height":450,"caption":"Laserline-terapia"}]},"og_availability":"instock","product_availability":"instock","product_condition":"new"},"_links":{"self":[{"href":"https:\/\/laserline-terapia.hu\/en\/wp-json\/wp\/v2\/product\/3616","targetHints":{"allow":["GET"]}}],"collection":[{"href":"https:\/\/laserline-terapia.hu\/en\/wp-json\/wp\/v2\/product"}],"about":[{"href":"https:\/\/laserline-terapia.hu\/en\/wp-json\/wp\/v2\/types\/product"}],"replies":[{"embeddable":true,"href":"https:\/\/laserline-terapia.hu\/en\/wp-json\/wp\/v2\/comments?post=3616"}],"wp:featuredmedia":[{"embeddable":true,"href":"https:\/\/laserline-terapia.hu\/en\/wp-json\/wp\/v2\/media\/1899"}],"wp:attachment":[{"href":"https:\/\/laserline-terapia.hu\/en\/wp-json\/wp\/v2\/media?parent=3616"}],"wp:term":[{"taxonomy":"product_brand","embeddable":true,"href":"https:\/\/laserline-terapia.hu\/en\/wp-json\/wp\/v2\/product_brand?post=3616"},{"taxonomy":"product_cat","embeddable":true,"href":"https:\/\/laserline-terapia.hu\/en\/wp-json\/wp\/v2\/product_cat?post=3616"},{"taxonomy":"product_tag","embeddable":true,"href":"https:\/\/laserline-terapia.hu\/en\/wp-json\/wp\/v2\/product_tag?post=3616"}],"curies":[{"name":"wp","href":"https:\/\/api.w.org\/{rel}","templated":true}]}}