{"id":3625,"date":"2024-11-19T19:08:27","date_gmt":"2024-11-19T19:08:27","guid":{"rendered":"https:\/\/laserline-terapia.hu\/termek\/safe-laser-580-duo\/"},"modified":"2026-03-11T12:18:35","modified_gmt":"2026-03-11T12:18:35","slug":"safe-laser-580-duo","status":"publish","type":"product","link":"https:\/\/laserline-terapia.hu\/en\/termek\/safe-laser-580-duo\/","title":{"rendered":"Safe Laser 580 Duo"},"content":{"rendered":"<div>\n<h2>\ud83c\udf81Promotion! Free fiber optic cable, timer, and laser stand. <\/h2>\n<h2>Safe Laser 580 Duo Overview:<img fetchpriority=\"high\" decoding=\"async\" class=\"size-medium wp-image-155 alignright\" src=\"https:\/\/laserline-terapia.hu\/wp-content\/uploads\/2024\/11\/Safe-Laser-580-300x300.webp\" alt=\"\" width=\"300\" height=\"300\" srcset=\"https:\/\/laserline-terapia.hu\/wp-content\/uploads\/2024\/11\/Safe-Laser-580-300x300.webp 300w, https:\/\/laserline-terapia.hu\/wp-content\/uploads\/2024\/11\/Safe-Laser-580-100x100.webp 100w, https:\/\/laserline-terapia.hu\/wp-content\/uploads\/2024\/11\/Safe-Laser-580-150x150.webp 150w, https:\/\/laserline-terapia.hu\/wp-content\/uploads\/2024\/11\/Safe-Laser-580.webp 585w\" sizes=\"(max-width: 300px) 100vw, 300px\" \/><\/h2>\n<p>The <strong>Safe Laser 580 Duo<\/strong> device emits two types of laser light:<\/p>\n<ul>\n<li>The blue light is absorbed in the 450 nanometer band, thereby exciting hemoglobin.<\/li>\n<li>The red light is absorbed in the 808 nanometer band, exciting cytochrome-c oxidase.<\/li>\n<\/ul>\n<p><img decoding=\"async\" class=\"alignnone size-medium wp-image-835\" src=\"https:\/\/laserline-terapia.hu\/wp-content\/uploads\/2024\/11\/lezerfeny-tartomanyok-300x171.webp\" alt=\"\" width=\"300\" height=\"171\" srcset=\"https:\/\/laserline-terapia.hu\/wp-content\/uploads\/2024\/11\/lezerfeny-tartomanyok-300x171.webp 300w, https:\/\/laserline-terapia.hu\/wp-content\/uploads\/2024\/11\/lezerfeny-tartomanyok-1024x584.webp 1024w, https:\/\/laserline-terapia.hu\/wp-content\/uploads\/2024\/11\/lezerfeny-tartomanyok-768x438.webp 768w, https:\/\/laserline-terapia.hu\/wp-content\/uploads\/2024\/11\/lezerfeny-tartomanyok-600x342.webp 600w, https:\/\/laserline-terapia.hu\/wp-content\/uploads\/2024\/11\/lezerfeny-tartomanyok.webp 1109w\" sizes=\"(max-width: 300px) 100vw, 300px\" \/><\/p>\n<p>The light of infrared (808nm) lasers is barely perceptible to the eye; primarily the blue laser light is visible when the device is switched on.<\/p>\n<p><strong>Which laser wavelength can be used for which condition?<\/strong><\/p>\n<p>The <strong>blue (450nm) laser light<\/strong> exerts its effect primarily <strong>up to 0.5 cm deep near the skin surface<\/strong>, thus playing a significant role in healing superficial lesions.<br \/>\n Additionally, when shone into the nostril, it penetrates the thin nasal mucous membrane and the dense capillary network, reaching hemoglobin, which plays an important role in oxygen and nutrient supply. The same effect can be achieved in dogs and cats by shining the light onto the skin of the jugular furrow.<\/p>\n<p>The <strong>infrared (808nm) laser light<\/strong> is absorbed in deeper layers (its biological effect <strong>is effective up to 8-10 cm deep<\/strong>), making it excellent for use in the therapy of musculoskeletal diseases, where its pain-relieving and anti-inflammatory effects are significant, and it accelerates the healing of muscles, tendons, and joints.<br \/>\n At higher doses, it is also suitable for regenerating joint cartilage surfaces and cartilage.<\/p>\n<h2>Safe Laser 580 Duo in Pain Relief<\/h2>\n<p>Experience shows that soft laser provides an effective solution for pain relief.<br \/>\nWith appropriate accessories, the SL580 Duo device is also suitable for treating conditions that heal by illuminating the nasal mucous membrane (e.g., respiratory inflammations&#8230;).<\/p>\n<\/div>\n<p><script src=\"chrome-extension:\/\/fbnkflkahhlmhdgkddaafgnnokifobik\/assets\/pageScripts.js\"><\/script><\/p>\n","protected":false},"excerpt":{"rendered":"<h2><\/h2>\n<p>Safe Laser 580 Duo Accessories<\/p>\n<ul>\n<li>Power: 580mW continuous (scattered radiation)<\/li>\n<li>Wavelength: 808nm (infrared) + 450nm (blue)<\/li>\n<li>Battery operated<\/li>\n<\/ul>\n<p>&nbsp;<\/p>\n<p><span style=\"color: #ff0000;\">The Safe Laser 580 DUO currently only has veterinary approval!<br \/>\n<\/span>The Safe Laser\u00ae 580 Duo device emits two types of laser light: Blue (450 nm) laser &#8211; 80mW Infrared (808 nm) laser<\/p>\n<p><a style=\"display: inline-block; background-color: #a30000; color: white; text-decoration: none; padding: 10px 20px; border-radius: 5px; font-family: Arial, sans-serif; font-size: 16px;\" href=\"tel:+36707401192\">Call us!<\/a><\/p>\n<h3><img decoding=\"async\" class=\"alignnone size-medium wp-image-976\" src=\"https:\/\/laserline-terapia.hu\/wp-content\/uploads\/2024\/11\/Cofidis-online-aruhitel-300x126.webp\" alt=\"cofidis online installment loan\" width=\"300\" height=\"126\" srcset=\"https:\/\/laserline-terapia.hu\/wp-content\/uploads\/2024\/11\/Cofidis-online-aruhitel-300x126.webp 300w, https:\/\/laserline-terapia.hu\/wp-content\/uploads\/2024\/11\/Cofidis-online-aruhitel-768x323.webp 768w, https:\/\/laserline-terapia.hu\/wp-content\/uploads\/2024\/11\/Cofidis-online-aruhitel-600x252.webp 600w, https:\/\/laserline-terapia.hu\/wp-content\/uploads\/2024\/11\/Cofidis-online-aruhitel.webp 952w\" sizes=\"(max-width: 300px) 100vw, 300px\" \/><\/h3>\n<h3>1. Installment payment with Cofidis Express Online Installment Loan<\/h3>\n<p>Add the soft laser device you wish to purchase to your cart.<br \/>\nAt checkout, select the Cofidis Express Online Installment Loan payment option.<br \/>\nPrepare your income statement, pensioner&#8217;s ID, personal ID, address card, and tax card.<br \/>\nFill out the application form. Do not leave the form for more than 5 minutes while filling it out, as the session will expire and you will have to restart the entire process.<br \/>\nAfter providing all data, submit the form.<br \/>\nYou will receive notification of the automatic preliminary credit assessment result within a few minutes. This will be followed by a manual credit assessment, about which you will receive feedback within a few business days.  <\/p>\n[cetelem_kalkulator szelesseg=\"100%\" magassag=\"180px\" tajolas=\"fekvo\" futamido=\"10\" barem=\"959\" onresz=\"0%\"]\n<p>&nbsp;<\/p>\n<p><script src=\"chrome-extension:\/\/fbnkflkahhlmhdgkddaafgnnokifobik\/assets\/pageScripts.js\"><\/script><\/p>\n","protected":false},"featured_media":1374,"comment_status":"open","ping_status":"closed","template":"","meta":[],"product_brand":[],"product_cat":[50],"product_tag":[],"class_list":{"0":"post-3625","1":"product","2":"type-product","3":"status-publish","4":"has-post-thumbnail","6":"product_cat-safe-laser-device","8":"first","9":"instock","10":"shipping-taxable","11":"purchasable","12":"product-type-simple"},"yoast_head":"<!-- This site is optimized with the Yoast SEO Premium plugin v27.3 (Yoast SEO v27.3) - https:\/\/yoast.com\/product\/yoast-seo-premium-wordpress\/ -->\n<title>Safe Laser 580 Duo - Laserline-terapia<\/title>\n<meta name=\"description\" content=\"The Safe Laser 580 Duo can also be purchased in installments! You can choose from 2 types of interest-free store credit! Furthermore, the rental fee counts towards the purchase price!\" \/>\n<meta name=\"robots\" content=\"index, follow, max-snippet:-1, max-image-preview:large, max-video-preview:-1\" \/>\n<link rel=\"canonical\" href=\"https:\/\/laserline-terapia.hu\/en\/termek\/safe-laser-580-duo\/\" \/>\n<meta property=\"og:locale\" content=\"en_US\" \/>\n<meta property=\"og:type\" content=\"article\" \/>\n<meta property=\"og:title\" content=\"Safe Laser 580 Duo\" \/>\n<meta property=\"og:description\" content=\"The Safe Laser 580 Duo can also be purchased in installments! You can choose from 2 types of interest-free store credit! Furthermore, the rental fee counts towards the purchase price!\" \/>\n<meta property=\"og:url\" content=\"https:\/\/laserline-terapia.hu\/en\/termek\/safe-laser-580-duo\/\" \/>\n<meta property=\"og:site_name\" content=\"Laserline-terapia\" \/>\n<meta property=\"article:publisher\" content=\"https:\/\/www.facebook.com\/people\/Laserline-Terpia\/61557536309225\/\" \/>\n<meta property=\"article:modified_time\" content=\"2026-03-11T12:18:35+00:00\" \/>\n<meta property=\"og:image\" content=\"https:\/\/laserline-terapia.hu\/wp-content\/uploads\/2024\/11\/Safe-Laser-580-DUO-vasarlas-terapia24.hu_.webp\" \/>\n\t<meta property=\"og:image:width\" content=\"2000\" \/>\n\t<meta property=\"og:image:height\" content=\"2000\" \/>\n\t<meta property=\"og:image:type\" content=\"image\/webp\" \/>\n<meta name=\"twitter:card\" content=\"summary_large_image\" \/>\n<meta name=\"twitter:label1\" content=\"Price\" \/>\n\t<meta name=\"twitter:data1\" content=\"590 000&nbsp;&#070;&#116;\" \/>\n\t<meta name=\"twitter:label2\" content=\"Availability\" \/>\n\t<meta name=\"twitter:data2\" content=\"In stock\" \/>\n<script type=\"application\/ld+json\" class=\"yoast-schema-graph\">{\"@context\":\"https:\\\/\\\/schema.org\",\"@graph\":[{\"@type\":\"WebPage\",\"@id\":\"https:\\\/\\\/laserline-terapia.hu\\\/en\\\/termek\\\/safe-laser-580-duo\\\/\",\"url\":\"https:\\\/\\\/laserline-terapia.hu\\\/en\\\/termek\\\/safe-laser-580-duo\\\/\",\"name\":\"Safe Laser 580 Duo - Laserline-terapia\",\"isPartOf\":{\"@id\":\"https:\\\/\\\/laserline-terapia.hu\\\/en\\\/#website\"},\"primaryImageOfPage\":{\"@id\":\"https:\\\/\\\/laserline-terapia.hu\\\/en\\\/termek\\\/safe-laser-580-duo\\\/#primaryimage\"},\"image\":{\"@id\":\"https:\\\/\\\/laserline-terapia.hu\\\/en\\\/termek\\\/safe-laser-580-duo\\\/#primaryimage\"},\"thumbnailUrl\":\"https:\\\/\\\/laserline-terapia.hu\\\/wp-content\\\/uploads\\\/2024\\\/11\\\/Safe-Laser-580-DUO-vasarlas-terapia24.hu_.webp\",\"datePublished\":\"2024-11-19T19:08:27+00:00\",\"dateModified\":\"2026-03-11T12:18:35+00:00\",\"description\":\"The Safe Laser 580 Duo can also be purchased in installments! You can choose from 2 types of interest-free store credit! Furthermore, the rental fee counts towards the purchase price!\",\"breadcrumb\":{\"@id\":\"https:\\\/\\\/laserline-terapia.hu\\\/en\\\/termek\\\/safe-laser-580-duo\\\/#breadcrumb\"},\"inLanguage\":\"en-US\",\"potentialAction\":[{\"@type\":\"ReadAction\",\"target\":[\"https:\\\/\\\/laserline-terapia.hu\\\/en\\\/termek\\\/safe-laser-580-duo\\\/\"]}]},{\"@type\":\"ImageObject\",\"inLanguage\":\"en-US\",\"@id\":\"https:\\\/\\\/laserline-terapia.hu\\\/en\\\/termek\\\/safe-laser-580-duo\\\/#primaryimage\",\"url\":\"https:\\\/\\\/laserline-terapia.hu\\\/wp-content\\\/uploads\\\/2024\\\/11\\\/Safe-Laser-580-DUO-vasarlas-terapia24.hu_.webp\",\"contentUrl\":\"https:\\\/\\\/laserline-terapia.hu\\\/wp-content\\\/uploads\\\/2024\\\/11\\\/Safe-Laser-580-DUO-vasarlas-terapia24.hu_.webp\",\"width\":2000,\"height\":2000,\"caption\":\"Safe Laser 580 DUO v\u00e1s\u00e1rl\u00e1s\"},{\"@type\":\"BreadcrumbList\",\"@id\":\"https:\\\/\\\/laserline-terapia.hu\\\/en\\\/termek\\\/safe-laser-580-duo\\\/#breadcrumb\",\"itemListElement\":[{\"@type\":\"ListItem\",\"position\":1,\"name\":\"Kezd\u0151lap\",\"item\":\"https:\\\/\\\/laserline-terapia.hu\\\/en\\\/\"},{\"@type\":\"ListItem\",\"position\":2,\"name\":\"Shop\",\"item\":\"https:\\\/\\\/laserline-terapia.hu\\\/en\\\/shop\\\/\"},{\"@type\":\"ListItem\",\"position\":3,\"name\":\"Safe Laser 580 Duo\"}]},{\"@type\":\"WebSite\",\"@id\":\"https:\\\/\\\/laserline-terapia.hu\\\/en\\\/#website\",\"url\":\"https:\\\/\\\/laserline-terapia.hu\\\/en\\\/\",\"name\":\"Laserline-terapia\",\"description\":\"Safe Laser v\u00e1s\u00e1rl\u00e1s \u00e9s b\u00e9rl\u00e9s\",\"publisher\":{\"@id\":\"https:\\\/\\\/laserline-terapia.hu\\\/en\\\/#organization\"},\"potentialAction\":[{\"@type\":\"SearchAction\",\"target\":{\"@type\":\"EntryPoint\",\"urlTemplate\":\"https:\\\/\\\/laserline-terapia.hu\\\/en\\\/?s={search_term_string}\"},\"query-input\":{\"@type\":\"PropertyValueSpecification\",\"valueRequired\":true,\"valueName\":\"search_term_string\"}}],\"inLanguage\":\"en-US\"},{\"@type\":[\"Organization\",\"Place\"],\"@id\":\"https:\\\/\\\/laserline-terapia.hu\\\/en\\\/#organization\",\"name\":\"Laserline-terapia\",\"url\":\"https:\\\/\\\/laserline-terapia.hu\\\/en\\\/\",\"logo\":{\"@id\":\"https:\\\/\\\/laserline-terapia.hu\\\/en\\\/termek\\\/safe-laser-580-duo\\\/#local-main-organization-logo\"},\"image\":{\"@id\":\"https:\\\/\\\/laserline-terapia.hu\\\/en\\\/termek\\\/safe-laser-580-duo\\\/#local-main-organization-logo\"},\"sameAs\":[\"https:\\\/\\\/www.facebook.com\\\/people\\\/Laserline-Terpia\\\/61557536309225\\\/\"],\"telephone\":[],\"openingHoursSpecification\":[{\"@type\":\"OpeningHoursSpecification\",\"dayOfWeek\":[\"Monday\",\"Tuesday\",\"Wednesday\",\"Thursday\",\"Friday\",\"Saturday\",\"Sunday\"],\"opens\":\"09:00\",\"closes\":\"17:00\"}]},{\"@type\":\"ImageObject\",\"inLanguage\":\"en-US\",\"@id\":\"https:\\\/\\\/laserline-terapia.hu\\\/en\\\/termek\\\/safe-laser-580-duo\\\/#local-main-organization-logo\",\"url\":\"https:\\\/\\\/laserline-terapia.hu\\\/wp-content\\\/uploads\\\/2024\\\/11\\\/laserline-terapia.hu-logo.webp\",\"contentUrl\":\"https:\\\/\\\/laserline-terapia.hu\\\/wp-content\\\/uploads\\\/2024\\\/11\\\/laserline-terapia.hu-logo.webp\",\"width\":493,\"height\":450,\"caption\":\"Laserline-terapia\"}]}<\/script>\n<meta property=\"product:price:amount\" content=\"590000\" \/>\n<meta property=\"product:price:currency\" content=\"HUF\" \/>\n<meta property=\"og:availability\" content=\"instock\" \/>\n<meta property=\"product:availability\" content=\"instock\" \/>\n<meta property=\"product:retailer_item_id\" content=\"sl580\" \/>\n<meta property=\"product:condition\" content=\"new\" \/>\n<!-- \/ Yoast SEO Premium plugin. -->","yoast_head_json":{"title":"Safe Laser 580 Duo - Laserline-terapia","description":"The Safe Laser 580 Duo can also be purchased in installments! You can choose from 2 types of interest-free store credit! Furthermore, the rental fee counts towards the purchase price!","robots":{"index":"index","follow":"follow","max-snippet":"max-snippet:-1","max-image-preview":"max-image-preview:large","max-video-preview":"max-video-preview:-1"},"canonical":"https:\/\/laserline-terapia.hu\/en\/termek\/safe-laser-580-duo\/","og_locale":"en_US","og_type":"article","og_title":"Safe Laser 580 Duo","og_description":"The Safe Laser 580 Duo can also be purchased in installments! You can choose from 2 types of interest-free store credit! Furthermore, the rental fee counts towards the purchase price!","og_url":"https:\/\/laserline-terapia.hu\/en\/termek\/safe-laser-580-duo\/","og_site_name":"Laserline-terapia","article_publisher":"https:\/\/www.facebook.com\/people\/Laserline-Terpia\/61557536309225\/","article_modified_time":"2026-03-11T12:18:35+00:00","og_image":[{"width":2000,"height":2000,"url":"https:\/\/laserline-terapia.hu\/wp-content\/uploads\/2024\/11\/Safe-Laser-580-DUO-vasarlas-terapia24.hu_.webp","type":"image\/webp"}],"twitter_card":"summary_large_image","twitter_misc":{"Price":"590 000&nbsp;&#70;&#116;","Availability":"In stock"},"schema":{"@context":"https:\/\/schema.org","@graph":[{"@type":"WebPage","@id":"https:\/\/laserline-terapia.hu\/en\/termek\/safe-laser-580-duo\/","url":"https:\/\/laserline-terapia.hu\/en\/termek\/safe-laser-580-duo\/","name":"Safe Laser 580 Duo - Laserline-terapia","isPartOf":{"@id":"https:\/\/laserline-terapia.hu\/en\/#website"},"primaryImageOfPage":{"@id":"https:\/\/laserline-terapia.hu\/en\/termek\/safe-laser-580-duo\/#primaryimage"},"image":{"@id":"https:\/\/laserline-terapia.hu\/en\/termek\/safe-laser-580-duo\/#primaryimage"},"thumbnailUrl":"https:\/\/laserline-terapia.hu\/wp-content\/uploads\/2024\/11\/Safe-Laser-580-DUO-vasarlas-terapia24.hu_.webp","datePublished":"2024-11-19T19:08:27+00:00","dateModified":"2026-03-11T12:18:35+00:00","description":"The Safe Laser 580 Duo can also be purchased in installments! You can choose from 2 types of interest-free store credit! Furthermore, the rental fee counts towards the purchase price!","breadcrumb":{"@id":"https:\/\/laserline-terapia.hu\/en\/termek\/safe-laser-580-duo\/#breadcrumb"},"inLanguage":"en-US","potentialAction":[{"@type":"ReadAction","target":["https:\/\/laserline-terapia.hu\/en\/termek\/safe-laser-580-duo\/"]}]},{"@type":"ImageObject","inLanguage":"en-US","@id":"https:\/\/laserline-terapia.hu\/en\/termek\/safe-laser-580-duo\/#primaryimage","url":"https:\/\/laserline-terapia.hu\/wp-content\/uploads\/2024\/11\/Safe-Laser-580-DUO-vasarlas-terapia24.hu_.webp","contentUrl":"https:\/\/laserline-terapia.hu\/wp-content\/uploads\/2024\/11\/Safe-Laser-580-DUO-vasarlas-terapia24.hu_.webp","width":2000,"height":2000,"caption":"Safe Laser 580 DUO v\u00e1s\u00e1rl\u00e1s"},{"@type":"BreadcrumbList","@id":"https:\/\/laserline-terapia.hu\/en\/termek\/safe-laser-580-duo\/#breadcrumb","itemListElement":[{"@type":"ListItem","position":1,"name":"Kezd\u0151lap","item":"https:\/\/laserline-terapia.hu\/en\/"},{"@type":"ListItem","position":2,"name":"Shop","item":"https:\/\/laserline-terapia.hu\/en\/shop\/"},{"@type":"ListItem","position":3,"name":"Safe Laser 580 Duo"}]},{"@type":"WebSite","@id":"https:\/\/laserline-terapia.hu\/en\/#website","url":"https:\/\/laserline-terapia.hu\/en\/","name":"Laserline-terapia","description":"Safe Laser v\u00e1s\u00e1rl\u00e1s \u00e9s b\u00e9rl\u00e9s","publisher":{"@id":"https:\/\/laserline-terapia.hu\/en\/#organization"},"potentialAction":[{"@type":"SearchAction","target":{"@type":"EntryPoint","urlTemplate":"https:\/\/laserline-terapia.hu\/en\/?s={search_term_string}"},"query-input":{"@type":"PropertyValueSpecification","valueRequired":true,"valueName":"search_term_string"}}],"inLanguage":"en-US"},{"@type":["Organization","Place"],"@id":"https:\/\/laserline-terapia.hu\/en\/#organization","name":"Laserline-terapia","url":"https:\/\/laserline-terapia.hu\/en\/","logo":{"@id":"https:\/\/laserline-terapia.hu\/en\/termek\/safe-laser-580-duo\/#local-main-organization-logo"},"image":{"@id":"https:\/\/laserline-terapia.hu\/en\/termek\/safe-laser-580-duo\/#local-main-organization-logo"},"sameAs":["https:\/\/www.facebook.com\/people\/Laserline-Terpia\/61557536309225\/"],"telephone":[],"openingHoursSpecification":[{"@type":"OpeningHoursSpecification","dayOfWeek":["Monday","Tuesday","Wednesday","Thursday","Friday","Saturday","Sunday"],"opens":"09:00","closes":"17:00"}]},{"@type":"ImageObject","inLanguage":"en-US","@id":"https:\/\/laserline-terapia.hu\/en\/termek\/safe-laser-580-duo\/#local-main-organization-logo","url":"https:\/\/laserline-terapia.hu\/wp-content\/uploads\/2024\/11\/laserline-terapia.hu-logo.webp","contentUrl":"https:\/\/laserline-terapia.hu\/wp-content\/uploads\/2024\/11\/laserline-terapia.hu-logo.webp","width":493,"height":450,"caption":"Laserline-terapia"}]},"product_price_amount":"590000","product_price_currency":"HUF","og_availability":"instock","product_availability":"instock","product_retailer_item_id":"sl580","product_condition":"new"},"_links":{"self":[{"href":"https:\/\/laserline-terapia.hu\/en\/wp-json\/wp\/v2\/product\/3625","targetHints":{"allow":["GET"]}}],"collection":[{"href":"https:\/\/laserline-terapia.hu\/en\/wp-json\/wp\/v2\/product"}],"about":[{"href":"https:\/\/laserline-terapia.hu\/en\/wp-json\/wp\/v2\/types\/product"}],"replies":[{"embeddable":true,"href":"https:\/\/laserline-terapia.hu\/en\/wp-json\/wp\/v2\/comments?post=3625"}],"wp:featuredmedia":[{"embeddable":true,"href":"https:\/\/laserline-terapia.hu\/en\/wp-json\/wp\/v2\/media\/1374"}],"wp:attachment":[{"href":"https:\/\/laserline-terapia.hu\/en\/wp-json\/wp\/v2\/media?parent=3625"}],"wp:term":[{"taxonomy":"product_brand","embeddable":true,"href":"https:\/\/laserline-terapia.hu\/en\/wp-json\/wp\/v2\/product_brand?post=3625"},{"taxonomy":"product_cat","embeddable":true,"href":"https:\/\/laserline-terapia.hu\/en\/wp-json\/wp\/v2\/product_cat?post=3625"},{"taxonomy":"product_tag","embeddable":true,"href":"https:\/\/laserline-terapia.hu\/en\/wp-json\/wp\/v2\/product_tag?post=3625"}],"curies":[{"name":"wp","href":"https:\/\/api.w.org\/{rel}","templated":true}]}}