{"id":3632,"date":"2024-11-19T19:08:11","date_gmt":"2024-11-19T19:08:11","guid":{"rendered":"https:\/\/laserline-terapia.hu\/termek\/safe-laser-150\/"},"modified":"2026-03-11T12:16:27","modified_gmt":"2026-03-11T12:16:27","slug":"safe-laser-150","status":"publish","type":"product","link":"https:\/\/laserline-terapia.hu\/en\/termek\/safe-laser-150\/","title":{"rendered":"Safe Laser 150"},"content":{"rendered":"<h2>Special Offer! Free Safe Laser Cosmetics package (3x15ml) worth 29,900 Ft! <\/h2>\n<div class=\"hajra\">\n<p><img decoding=\"async\" class=\"size-medium wp-image-379 alignright\" src=\"https:\/\/laserline-terapia.hu\/wp-content\/uploads\/2024\/11\/SafeLaser-150_kesz-1024x1024-1-300x145.webp\" alt=\"\" width=\"300\" height=\"145\" srcset=\"https:\/\/laserline-terapia.hu\/wp-content\/uploads\/2024\/11\/SafeLaser-150_kesz-1024x1024-1-300x145.webp 300w, https:\/\/laserline-terapia.hu\/wp-content\/uploads\/2024\/11\/SafeLaser-150_kesz-1024x1024-1-600x289.webp 600w, https:\/\/laserline-terapia.hu\/wp-content\/uploads\/2024\/11\/SafeLaser-150_kesz-1024x1024-1-768x371.webp 768w, https:\/\/laserline-terapia.hu\/wp-content\/uploads\/2024\/11\/SafeLaser-150_kesz-1024x1024-1.webp 1024w\" sizes=\"(max-width: 300px) 100vw, 300px\" \/><\/p>\n<h2><strong>Safe Laser 150 Description:<\/strong><\/h2>\n<p>The Safe Laser 150 device is effective up to 3 cm deep, near the skin surface. It can be used to treat superficial skin conditions, inflammations, and pain.<br \/>\nUnsure about purchasing? Try the soft laser&#8217;s effect with a 2-week rental. Since the 2-week rental fee is credited towards the purchase price if you buy it in a lump sum, it will not cost you more than if you purchased it immediately.  <\/p>\n<\/div>\n<p>&nbsp;<\/p>\n<h2><strong>How to use Safe Laser 150:<\/strong><\/h2>\n<p>The Safe Laser 150 soft laser device can operate effectively up to 3 cm deep from the skin surface. It can be used to treat skin conditions, inflammations, and pain, and additional functions are available with extra accessories. With the fiber optic accessory, which can be chosen as a gift with the Safe Laser 150 device, ear problems, tinnitus, and hearing loss can be alleviated. The cosmetic treatment head accessory, also available as a gift, allows cosmetic products to be easily worked into the skin, and the laser light promotes product absorption and enhances their effects. The Exage Biohacking Gel, also available as a gift with any of our soft laser devices, when combined with the Safe Laser device, not only slows down the visible signs of aging but also reverses them, making the skin function more youthfully and energetically. Any Safe Laser device, including the Safe Laser 150, enables professional skin renewal and skin rejuvenation therapy at home.     <\/p>\n<p>&nbsp;<\/p>\n<h3>Why should you purchase from us?<\/h3>\n<p>You can try the product before purchasing from us.<br \/>\nThe 2-week rental fee is credited towards the purchase price if you buy it in a lump sum, so trying the product before purchasing will not cost you more.<\/p>\n<p>If you are unsure whether the selected product is suitable for your specific problem, please call our customer service. Our expert colleagues will provide appropriate support regarding product selection from Monday to Saturday, between 8:00 AM and 6:00 PM.<\/p>\n<p>If you order the product from us, we will ship it within 24 hours compared to phone orders, or any product can be picked up immediately at our Budapest headquarters.<\/p>\n<p>The products we distribute have no known side effects, do not require a doctor for their use, and our colleagues can provide training on their use both by phone and in person.<\/p>\n<h4>Contraindications<\/h4>\n<p>\u2022 Irradiation of the lower abdomen is prohibited for pregnant women due to increased blood flow (potential danger)<br \/>\n.<br \/>\n\u2022 The device is also prohibited for individuals suffering from severe blood clotting disorders<br \/>\n.<br \/>\n\u2022 Do not illuminate: tumor areas,<br \/>\n the thyroid gland (in case of hyperfunction) and breast area, infected or fungal skin surfaces, and implanted pacemakers.<br \/>\n\u2022 Direct irradiation of pigmented moles can be dangerous as they are considered a precancerous condition.<\/p>\n<h4>Safe Laser safety regulations<\/h4>\n<p>Unlike other laser devices, the scattered laser light of Safe Laser\u00ae devices is less hazardous to the eyes. Nevertheless, the user of the device is obliged to comply with laser safety measures to avoid potential hazards arising from its operation.<br \/>\n\u2022 Do not look into the laser beam, and do not direct it into the eyes of others.<br \/>\n\u2022 It is forbidden to illuminate the area around the eyes with the laser.<br \/>\n\u2022 Switch on the laser only after placing it on the skin surface to avoid accidental<br \/>\n viewing of the laser light! At the end of the treatment, switch off the device before removing it from the skin surface.<br \/>\n\u2022 Keep out of reach of children!<\/p>\n","protected":false},"excerpt":{"rendered":"<div class=\"hajra\">\n<div class=\"woocommerce-product-details__short-description\">\n<div class=\"plus iCon-right text- item-content opend\" data-control=\"\" data-index=\"4\" data-key=\"content\">\n<h2><\/h2>\n<h4>Safe Laser 150 Package Contents:<\/h4>\n<ul>\n<li>Safe Laser 150 device<\/li>\n<li>Rechargeable battery<\/li>\n<li>USB charger<\/li>\n<li>Nose reducer<del><\/del><\/li>\n<\/ul>\n<\/div>\n<\/div>\n<p>&nbsp;<\/p>\n<p>Optional accessories for purchase:<\/p>\n<div class=\"plus iCon-right text- item-content opend\" data-control=\"\" data-index=\"4\" data-key=\"content\">\n<ul>\n<li>Cosmetic treatment head<\/li>\n<li>Safe Laser Gel<\/li>\n<li>Safe Laser Anti-Aging Cream<\/li>\n<\/ul>\n<\/div>\n<p>&nbsp;<\/p>\n<p>The Safe Laser 150 device is effective up to 3 cm deep, near the skin surface. It can be used to treat superficial skin conditions, inflammations, and pain. <\/p>\n<\/div>\n<div class=\"hajra\">\n<p>Unsure about purchasing? Try the soft laser&#8217;s effect with a 5-week rental. Since the first 5-week rental fee is credited towards the purchase price if you buy it in a lump sum, it will not cost you more than if you purchased it immediately.  <\/p>\n<\/div>\n<p><a style=\"display: inline-block; background-color: #a30000; color: white; text-decoration: none; padding: 10px 20px; border-radius: 5px; font-family: Arial, sans-serif; font-size: 16px;\" href=\"tel:+36707401192\">Call us!<\/a><\/p>\n<p>&nbsp;<\/p>\n<table>\n<tbody>\n<tr>\n<th>Effective treatment depth:<\/th>\n<th>Treatment surface:<\/th>\n<th>Maximum power:<\/th>\n<th>Power density:<\/th>\n<th>Wavelength:<\/th>\n<\/tr>\n<tr>\n<td>3 cm<\/td>\n<td>2.5 cm\u00b2<\/td>\n<td>150 mW<\/td>\n<td>40 mW \/ cm\u00b2<\/td>\n<td>660 nm<\/td>\n<\/tr>\n<\/tbody>\n<\/table>\n<p><img decoding=\"async\" class=\"alignnone size-medium wp-image-976\" src=\"https:\/\/laserline-terapia.hu\/wp-content\/uploads\/2024\/11\/Cofidis-online-aruhitel-300x126.webp\" alt=\"cofidis online installment loan\" width=\"300\" height=\"126\" srcset=\"https:\/\/laserline-terapia.hu\/wp-content\/uploads\/2024\/11\/Cofidis-online-aruhitel-300x126.webp 300w, https:\/\/laserline-terapia.hu\/wp-content\/uploads\/2024\/11\/Cofidis-online-aruhitel-768x323.webp 768w, https:\/\/laserline-terapia.hu\/wp-content\/uploads\/2024\/11\/Cofidis-online-aruhitel-600x252.webp 600w, https:\/\/laserline-terapia.hu\/wp-content\/uploads\/2024\/11\/Cofidis-online-aruhitel.webp 952w\" sizes=\"(max-width: 300px) 100vw, 300px\" \/><\/p>\n<h3>1. Installment payment with Cofidis Express Online Installment Loan<\/h3>\n<p>Add the soft laser device you wish to purchase to your cart.<br \/>\nAt checkout, select the Cofidis Express Online Installment Loan payment option.<br \/>\nPrepare your income statement, pensioner&#8217;s ID, personal ID, address card, and tax card.<br \/>\nFill out the application form. Do not leave the form for more than 5 minutes while filling it out, as the session will expire and you will have to restart the entire process.<br \/>\nAfter providing all data, submit the form.<br \/>\nYou will receive notification of the automatic preliminary credit assessment result within a few minutes. This will be followed by a manual credit assessment, about which you will receive feedback within a few business days.  <\/p>\n[cetelem_kalkulator szelesseg=\"100%\" magassag=\"220px\" tajolas=\"fekvo\" futamido=\"10\" barem=\"959\" onresz=\"0%\"]\n<p>&nbsp;<\/p>\n<p><script src=\"chrome-extension:\/\/fbnkflkahhlmhdgkddaafgnnokifobik\/assets\/pageScripts.js\"><\/script><\/p>\n","protected":false},"featured_media":1373,"comment_status":"open","ping_status":"closed","template":"","meta":[],"product_brand":[],"product_cat":[50],"product_tag":[51,55,52],"class_list":{"0":"post-3632","1":"product","2":"type-product","3":"status-publish","4":"has-post-thumbnail","6":"product_cat-safe-laser-device","7":"product_tag-device","8":"product_tag-safe-laser","9":"product_tag-soft-laser","11":"first","12":"instock","13":"shipping-taxable","14":"purchasable","15":"product-type-variable"},"yoast_head":"<!-- This site is optimized with the Yoast SEO Premium plugin v27.3 (Yoast SEO v27.3) - https:\/\/yoast.com\/product\/yoast-seo-premium-wordpress\/ -->\n<title>Are you looking for a Safe Laser 150 device? | Soft Laser Purchase | Rental<\/title>\n<meta name=\"description\" content=\"The Safe Laser 150 (SL150) is effective up to 3 cm deep, near the skin surface. It helps treat skin problems, inflammations, and pain.\" \/>\n<meta name=\"robots\" content=\"index, follow, max-snippet:-1, max-image-preview:large, max-video-preview:-1\" \/>\n<link rel=\"canonical\" href=\"https:\/\/laserline-terapia.hu\/en\/termek\/safe-laser-150\/\" \/>\n<meta property=\"og:locale\" content=\"en_US\" \/>\n<meta property=\"og:type\" content=\"article\" \/>\n<meta property=\"og:title\" content=\"Safe Laser 150\" \/>\n<meta property=\"og:description\" content=\"The Safe Laser 150 (SL150) is effective up to 3 cm deep, near the skin surface. It helps treat skin problems, inflammations, and pain.\" \/>\n<meta property=\"og:url\" content=\"https:\/\/laserline-terapia.hu\/en\/termek\/safe-laser-150\/\" \/>\n<meta property=\"og:site_name\" content=\"Laserline-terapia\" \/>\n<meta property=\"article:publisher\" content=\"https:\/\/www.facebook.com\/people\/Laserline-Terpia\/61557536309225\/\" \/>\n<meta property=\"article:modified_time\" content=\"2026-03-11T12:16:27+00:00\" \/>\n<meta property=\"og:image\" content=\"https:\/\/laserline-terapia.hu\/wp-content\/uploads\/2024\/11\/Safe-Laser-150-vasarlas-terapia24.hu_.webp\" \/>\n\t<meta property=\"og:image:width\" content=\"2000\" \/>\n\t<meta property=\"og:image:height\" content=\"2000\" \/>\n\t<meta property=\"og:image:type\" content=\"image\/webp\" \/>\n<meta name=\"twitter:card\" content=\"summary_large_image\" \/>\n<meta name=\"twitter:label1\" content=\"Availability\" \/>\n\t<meta name=\"twitter:data1\" content=\"In stock\" \/>\n<script type=\"application\/ld+json\" class=\"yoast-schema-graph\">{\"@context\":\"https:\\\/\\\/schema.org\",\"@graph\":[{\"@type\":\"WebPage\",\"@id\":\"https:\\\/\\\/laserline-terapia.hu\\\/en\\\/termek\\\/safe-laser-150\\\/\",\"url\":\"https:\\\/\\\/laserline-terapia.hu\\\/en\\\/termek\\\/safe-laser-150\\\/\",\"name\":\"Are you looking for a Safe Laser 150 device? | Soft Laser Purchase | Rental\",\"isPartOf\":{\"@id\":\"https:\\\/\\\/laserline-terapia.hu\\\/en\\\/#website\"},\"primaryImageOfPage\":{\"@id\":\"https:\\\/\\\/laserline-terapia.hu\\\/en\\\/termek\\\/safe-laser-150\\\/#primaryimage\"},\"image\":{\"@id\":\"https:\\\/\\\/laserline-terapia.hu\\\/en\\\/termek\\\/safe-laser-150\\\/#primaryimage\"},\"thumbnailUrl\":\"https:\\\/\\\/laserline-terapia.hu\\\/wp-content\\\/uploads\\\/2024\\\/11\\\/Safe-Laser-150-vasarlas-terapia24.hu_.webp\",\"datePublished\":\"2024-11-19T19:08:11+00:00\",\"dateModified\":\"2026-03-11T12:16:27+00:00\",\"description\":\"The Safe Laser 150 (SL150) is effective up to 3 cm deep, near the skin surface. It helps treat skin problems, inflammations, and pain.\",\"breadcrumb\":{\"@id\":\"https:\\\/\\\/laserline-terapia.hu\\\/en\\\/termek\\\/safe-laser-150\\\/#breadcrumb\"},\"inLanguage\":\"en-US\",\"potentialAction\":[{\"@type\":\"ReadAction\",\"target\":[\"https:\\\/\\\/laserline-terapia.hu\\\/en\\\/termek\\\/safe-laser-150\\\/\"]}]},{\"@type\":\"ImageObject\",\"inLanguage\":\"en-US\",\"@id\":\"https:\\\/\\\/laserline-terapia.hu\\\/en\\\/termek\\\/safe-laser-150\\\/#primaryimage\",\"url\":\"https:\\\/\\\/laserline-terapia.hu\\\/wp-content\\\/uploads\\\/2024\\\/11\\\/Safe-Laser-150-vasarlas-terapia24.hu_.webp\",\"contentUrl\":\"https:\\\/\\\/laserline-terapia.hu\\\/wp-content\\\/uploads\\\/2024\\\/11\\\/Safe-Laser-150-vasarlas-terapia24.hu_.webp\",\"width\":2000,\"height\":2000,\"caption\":\"Safe Laser 150 v\u00e1s\u00e1rl\u00e1s\"},{\"@type\":\"BreadcrumbList\",\"@id\":\"https:\\\/\\\/laserline-terapia.hu\\\/en\\\/termek\\\/safe-laser-150\\\/#breadcrumb\",\"itemListElement\":[{\"@type\":\"ListItem\",\"position\":1,\"name\":\"Kezd\u0151lap\",\"item\":\"https:\\\/\\\/laserline-terapia.hu\\\/en\\\/\"},{\"@type\":\"ListItem\",\"position\":2,\"name\":\"Shop\",\"item\":\"https:\\\/\\\/laserline-terapia.hu\\\/en\\\/shop\\\/\"},{\"@type\":\"ListItem\",\"position\":3,\"name\":\"Safe Laser 150\"}]},{\"@type\":\"WebSite\",\"@id\":\"https:\\\/\\\/laserline-terapia.hu\\\/en\\\/#website\",\"url\":\"https:\\\/\\\/laserline-terapia.hu\\\/en\\\/\",\"name\":\"Laserline-terapia\",\"description\":\"Safe Laser v\u00e1s\u00e1rl\u00e1s \u00e9s b\u00e9rl\u00e9s\",\"publisher\":{\"@id\":\"https:\\\/\\\/laserline-terapia.hu\\\/en\\\/#organization\"},\"potentialAction\":[{\"@type\":\"SearchAction\",\"target\":{\"@type\":\"EntryPoint\",\"urlTemplate\":\"https:\\\/\\\/laserline-terapia.hu\\\/en\\\/?s={search_term_string}\"},\"query-input\":{\"@type\":\"PropertyValueSpecification\",\"valueRequired\":true,\"valueName\":\"search_term_string\"}}],\"inLanguage\":\"en-US\"},{\"@type\":[\"Organization\",\"Place\"],\"@id\":\"https:\\\/\\\/laserline-terapia.hu\\\/en\\\/#organization\",\"name\":\"Laserline-terapia\",\"url\":\"https:\\\/\\\/laserline-terapia.hu\\\/en\\\/\",\"logo\":{\"@id\":\"https:\\\/\\\/laserline-terapia.hu\\\/en\\\/termek\\\/safe-laser-150\\\/#local-main-organization-logo\"},\"image\":{\"@id\":\"https:\\\/\\\/laserline-terapia.hu\\\/en\\\/termek\\\/safe-laser-150\\\/#local-main-organization-logo\"},\"sameAs\":[\"https:\\\/\\\/www.facebook.com\\\/people\\\/Laserline-Terpia\\\/61557536309225\\\/\"],\"telephone\":[],\"openingHoursSpecification\":[{\"@type\":\"OpeningHoursSpecification\",\"dayOfWeek\":[\"Monday\",\"Tuesday\",\"Wednesday\",\"Thursday\",\"Friday\",\"Saturday\",\"Sunday\"],\"opens\":\"09:00\",\"closes\":\"17:00\"}]},{\"@type\":\"ImageObject\",\"inLanguage\":\"en-US\",\"@id\":\"https:\\\/\\\/laserline-terapia.hu\\\/en\\\/termek\\\/safe-laser-150\\\/#local-main-organization-logo\",\"url\":\"https:\\\/\\\/laserline-terapia.hu\\\/wp-content\\\/uploads\\\/2024\\\/11\\\/laserline-terapia.hu-logo.webp\",\"contentUrl\":\"https:\\\/\\\/laserline-terapia.hu\\\/wp-content\\\/uploads\\\/2024\\\/11\\\/laserline-terapia.hu-logo.webp\",\"width\":493,\"height\":450,\"caption\":\"Laserline-terapia\"}]}<\/script>\n<meta property=\"og:availability\" content=\"instock\" \/>\n<meta property=\"product:availability\" content=\"instock\" \/>\n<meta property=\"product:retailer_item_id\" content=\"safe-laser-150\" \/>\n<meta property=\"product:condition\" content=\"new\" \/>\n<!-- \/ Yoast SEO Premium plugin. -->","yoast_head_json":{"title":"Are you looking for a Safe Laser 150 device? | Soft Laser Purchase | Rental","description":"The Safe Laser 150 (SL150) is effective up to 3 cm deep, near the skin surface. It helps treat skin problems, inflammations, and pain.","robots":{"index":"index","follow":"follow","max-snippet":"max-snippet:-1","max-image-preview":"max-image-preview:large","max-video-preview":"max-video-preview:-1"},"canonical":"https:\/\/laserline-terapia.hu\/en\/termek\/safe-laser-150\/","og_locale":"en_US","og_type":"article","og_title":"Safe Laser 150","og_description":"The Safe Laser 150 (SL150) is effective up to 3 cm deep, near the skin surface. It helps treat skin problems, inflammations, and pain.","og_url":"https:\/\/laserline-terapia.hu\/en\/termek\/safe-laser-150\/","og_site_name":"Laserline-terapia","article_publisher":"https:\/\/www.facebook.com\/people\/Laserline-Terpia\/61557536309225\/","article_modified_time":"2026-03-11T12:16:27+00:00","og_image":[{"width":2000,"height":2000,"url":"https:\/\/laserline-terapia.hu\/wp-content\/uploads\/2024\/11\/Safe-Laser-150-vasarlas-terapia24.hu_.webp","type":"image\/webp"}],"twitter_card":"summary_large_image","twitter_misc":{"Availability":"In stock"},"schema":{"@context":"https:\/\/schema.org","@graph":[{"@type":"WebPage","@id":"https:\/\/laserline-terapia.hu\/en\/termek\/safe-laser-150\/","url":"https:\/\/laserline-terapia.hu\/en\/termek\/safe-laser-150\/","name":"Are you looking for a Safe Laser 150 device? | Soft Laser Purchase | Rental","isPartOf":{"@id":"https:\/\/laserline-terapia.hu\/en\/#website"},"primaryImageOfPage":{"@id":"https:\/\/laserline-terapia.hu\/en\/termek\/safe-laser-150\/#primaryimage"},"image":{"@id":"https:\/\/laserline-terapia.hu\/en\/termek\/safe-laser-150\/#primaryimage"},"thumbnailUrl":"https:\/\/laserline-terapia.hu\/wp-content\/uploads\/2024\/11\/Safe-Laser-150-vasarlas-terapia24.hu_.webp","datePublished":"2024-11-19T19:08:11+00:00","dateModified":"2026-03-11T12:16:27+00:00","description":"The Safe Laser 150 (SL150) is effective up to 3 cm deep, near the skin surface. It helps treat skin problems, inflammations, and pain.","breadcrumb":{"@id":"https:\/\/laserline-terapia.hu\/en\/termek\/safe-laser-150\/#breadcrumb"},"inLanguage":"en-US","potentialAction":[{"@type":"ReadAction","target":["https:\/\/laserline-terapia.hu\/en\/termek\/safe-laser-150\/"]}]},{"@type":"ImageObject","inLanguage":"en-US","@id":"https:\/\/laserline-terapia.hu\/en\/termek\/safe-laser-150\/#primaryimage","url":"https:\/\/laserline-terapia.hu\/wp-content\/uploads\/2024\/11\/Safe-Laser-150-vasarlas-terapia24.hu_.webp","contentUrl":"https:\/\/laserline-terapia.hu\/wp-content\/uploads\/2024\/11\/Safe-Laser-150-vasarlas-terapia24.hu_.webp","width":2000,"height":2000,"caption":"Safe Laser 150 v\u00e1s\u00e1rl\u00e1s"},{"@type":"BreadcrumbList","@id":"https:\/\/laserline-terapia.hu\/en\/termek\/safe-laser-150\/#breadcrumb","itemListElement":[{"@type":"ListItem","position":1,"name":"Kezd\u0151lap","item":"https:\/\/laserline-terapia.hu\/en\/"},{"@type":"ListItem","position":2,"name":"Shop","item":"https:\/\/laserline-terapia.hu\/en\/shop\/"},{"@type":"ListItem","position":3,"name":"Safe Laser 150"}]},{"@type":"WebSite","@id":"https:\/\/laserline-terapia.hu\/en\/#website","url":"https:\/\/laserline-terapia.hu\/en\/","name":"Laserline-terapia","description":"Safe Laser v\u00e1s\u00e1rl\u00e1s \u00e9s b\u00e9rl\u00e9s","publisher":{"@id":"https:\/\/laserline-terapia.hu\/en\/#organization"},"potentialAction":[{"@type":"SearchAction","target":{"@type":"EntryPoint","urlTemplate":"https:\/\/laserline-terapia.hu\/en\/?s={search_term_string}"},"query-input":{"@type":"PropertyValueSpecification","valueRequired":true,"valueName":"search_term_string"}}],"inLanguage":"en-US"},{"@type":["Organization","Place"],"@id":"https:\/\/laserline-terapia.hu\/en\/#organization","name":"Laserline-terapia","url":"https:\/\/laserline-terapia.hu\/en\/","logo":{"@id":"https:\/\/laserline-terapia.hu\/en\/termek\/safe-laser-150\/#local-main-organization-logo"},"image":{"@id":"https:\/\/laserline-terapia.hu\/en\/termek\/safe-laser-150\/#local-main-organization-logo"},"sameAs":["https:\/\/www.facebook.com\/people\/Laserline-Terpia\/61557536309225\/"],"telephone":[],"openingHoursSpecification":[{"@type":"OpeningHoursSpecification","dayOfWeek":["Monday","Tuesday","Wednesday","Thursday","Friday","Saturday","Sunday"],"opens":"09:00","closes":"17:00"}]},{"@type":"ImageObject","inLanguage":"en-US","@id":"https:\/\/laserline-terapia.hu\/en\/termek\/safe-laser-150\/#local-main-organization-logo","url":"https:\/\/laserline-terapia.hu\/wp-content\/uploads\/2024\/11\/laserline-terapia.hu-logo.webp","contentUrl":"https:\/\/laserline-terapia.hu\/wp-content\/uploads\/2024\/11\/laserline-terapia.hu-logo.webp","width":493,"height":450,"caption":"Laserline-terapia"}]},"og_availability":"instock","product_availability":"instock","product_retailer_item_id":"safe-laser-150","product_condition":"new"},"_links":{"self":[{"href":"https:\/\/laserline-terapia.hu\/en\/wp-json\/wp\/v2\/product\/3632","targetHints":{"allow":["GET"]}}],"collection":[{"href":"https:\/\/laserline-terapia.hu\/en\/wp-json\/wp\/v2\/product"}],"about":[{"href":"https:\/\/laserline-terapia.hu\/en\/wp-json\/wp\/v2\/types\/product"}],"replies":[{"embeddable":true,"href":"https:\/\/laserline-terapia.hu\/en\/wp-json\/wp\/v2\/comments?post=3632"}],"wp:featuredmedia":[{"embeddable":true,"href":"https:\/\/laserline-terapia.hu\/en\/wp-json\/wp\/v2\/media\/1373"}],"wp:attachment":[{"href":"https:\/\/laserline-terapia.hu\/en\/wp-json\/wp\/v2\/media?parent=3632"}],"wp:term":[{"taxonomy":"product_brand","embeddable":true,"href":"https:\/\/laserline-terapia.hu\/en\/wp-json\/wp\/v2\/product_brand?post=3632"},{"taxonomy":"product_cat","embeddable":true,"href":"https:\/\/laserline-terapia.hu\/en\/wp-json\/wp\/v2\/product_cat?post=3632"},{"taxonomy":"product_tag","embeddable":true,"href":"https:\/\/laserline-terapia.hu\/en\/wp-json\/wp\/v2\/product_tag?post=3632"}],"curies":[{"name":"wp","href":"https:\/\/api.w.org\/{rel}","templated":true}]}}