{"id":3646,"date":"2024-11-19T19:04:26","date_gmt":"2024-11-19T19:04:26","guid":{"rendered":"https:\/\/laserline-terapia.hu\/termek\/safe-laser-500-infra\/"},"modified":"2026-03-11T12:15:49","modified_gmt":"2026-03-11T12:15:49","slug":"safe-laser-500","status":"publish","type":"product","link":"https:\/\/laserline-terapia.hu\/en\/termek\/safe-laser-500\/","title":{"rendered":"Safe Laser 500 Infra"},"content":{"rendered":"<h2>\ud83c\udf81Special Offer! Get a free fiber optic attachment or a small Safe Laser Cosmetics package (3x15ml) with Safe Laser 500! <\/h2>\n<h2><strong>Safe Laser 500 Infra Description:<\/strong><\/h2>\n<p><img decoding=\"async\" class=\"alignright wp-image-454 size-medium\" src=\"https:\/\/laserline-terapia.hu\/wp-content\/uploads\/2024\/11\/SafeLaser-500-uj-300x125.webp\" alt=\"Safe Laser 500 Infra Device Description\" width=\"300\" height=\"125\" srcset=\"https:\/\/laserline-terapia.hu\/wp-content\/uploads\/2024\/11\/SafeLaser-500-uj-300x125.webp 300w, https:\/\/laserline-terapia.hu\/wp-content\/uploads\/2024\/11\/SafeLaser-500-uj-768x320.webp 768w, https:\/\/laserline-terapia.hu\/wp-content\/uploads\/2024\/11\/SafeLaser-500-uj-600x250.webp 600w, https:\/\/laserline-terapia.hu\/wp-content\/uploads\/2024\/11\/SafeLaser-500-uj.webp 1024w\" sizes=\"(max-width: 300px) 100vw, 300px\" \/><\/p>\n<p>The Safe Laser 500 Infra soft laser device emits an extremely powerful 500 mW infrared laser light at an 808 nm wavelength, which can effectively penetrate the deeper layers of the skin and tissues up to 8 cm deep. This soft laser device offers the best value for money, as its pain-relieving, anti-inflammatory, and biostimulating effects effectively treat problems in deeper layers. <\/p>\n<h2><strong>How to Use Safe Laser 500 Infra:<\/strong><\/h2>\n<p>The Safe Laser 500 Infra laser should be placed in contact with the painful or injured area and illuminated for the specified time, then moved to the next point.<br \/>\nMultiple points can be treated consecutively, depending on the size of the painful, injured area. Generally, &#8216;pressure-sensitive&#8217; points should be treated. <\/p>\n<p>To better reach the treatment layer located deeper than 8 cm, gently press the Safe Laser 500 Infra treatment head into the tissues. If, for example, due to an open wound, the laser cannot be placed directly on the skin surface, it should be held as close as possible (max. 0.5 cm). In this case, the treatment time per point must be extended by 1 minute to ensure that the appropriate amount of energy for healing enters the body. <\/p>\n<h3>Why should you purchase from us?<\/h3>\n<p>You can try the product before purchasing from us.<br \/>\nFor a lump-sum purchase, 2-5 weeks of rental will be credited towards the purchase price, so trying the product before buying it will not cost you more.<\/p>\n<p>If you are unsure whether the selected product is suitable for your specific problem, please call our customer service. Our expert colleagues will provide appropriate support regarding product selection from Monday to Saturday, between 8:00 AM and 6:00 PM.<\/p>\n<p>If you order the product from us, we will ship it within 24 hours compared to phone orders, or any product can be picked up immediately at our Budapest headquarters.<\/p>\n<p>The products we distribute have no known side effects, do not require a doctor for their use, and our colleagues can provide training on their use both by phone and in person.<\/p>\n<h4>Contraindications<\/h4>\n<p>\u2022 Irradiation of the lower abdomen in pregnant women is prohibited due to increased blood flow (potential danger)!<\/p>\n<p>\u2022 The device is also prohibited for individuals suffering from severe blood clotting problems!<\/p>\n<p>\u2022 Do not illuminate: tumor areas,<br \/>\nthe thyroid gland (in case of hyperfunction) and the breast area,<br \/>\ninfected, fungal skin surfaces,<br \/>\nand implanted pacemakers!<br \/>\n\u2022 Direct irradiation of pigmented moles can be dangerous, as they are considered precancerous conditions.<\/p>\n<p>\u2022 Never treat yourself without an accurate medical diagnosis, as the Safe Laser\u00ae 500<br \/>\nInfra laser can reduce pain, but it cannot always eliminate the cause of the problem<br \/>\n and may temporarily mask more serious illnesses!<\/p>\n<h4>Safe Laser safety regulations<\/h4>\n<p>Unlike other laser devices, the scattered laser light of Safe Laser\u00ae devices<br \/>\nis less dangerous to the eyes. Nevertheless, the user of the device<br \/>\nis obliged to comply with laser safety measures to avoid potential hazards<br \/>\narising from its operation!<br \/>\n\u2022 Do not look into the laser beam, and do not direct it into the eyes of others!<br \/>\n\u2022 It is forbidden to illuminate the areas around the eyes with the laser!<br \/>\n\u2022 Switch on the laser only after placing it on the skin surface to avoid accidental<br \/>\nexposure to the laser light! At the end of the treatment, before removing the device from the skin surface,<br \/>\nswitch it off!<br \/>\n\u2022 The Safe Laser\u00ae 500 Infra laser must be kept out of reach of children!<br \/>\n<code><div data-src=\"https:\/\/cdn.trustindex.io\/loader.js?0e685396602b8822f886e18c52b\"><\/div><\/code><\/p>\n","protected":false},"excerpt":{"rendered":"<div class=\"woocommerce-product-details__short-description\">\n<div class=\"plus iCon-right text- item-content opend\" data-control=\"\" data-index=\"4\" data-key=\"content\">\n<h2><\/h2>\n<h4>Safe Laser 500 Package Contents:<\/h4>\n<ul>\n<li>Safe Laser 500 device<\/li>\n<li>Rechargeable battery<\/li>\n<li>USB charger<\/li>\n<li>Nasal applicator<\/li>\n<li>Rubber ring<\/li>\n<\/ul>\n<\/div>\n<\/div>\n<div class=\"plus iCon-right text- item-content opend\" data-control=\"\" data-index=\"4\" data-key=\"content\"><\/div>\n<p>If you have not yet decided to purchase the device, we recommend that you familiarize yourself with the product by utilizing our <a href=\"https:\/\/laserline-terapia.hu\/#berles\" target=\"_blank\" rel=\"noopener\"><span style=\"color: #a30000;\">rental without deposit<\/span><\/a> service. With a 2-5 week rental, you can try the Safe Laser 500 soft laser device at home. The rental fee is fully credited towards the purchase price if you buy the product in a lump sum, allowing you to get to know the most popular soft laser device with the best price\/value ratio without additional cost. During the rental period, our expert consultant will assist you with using the device, so at the end of the rental, you can make an informed decision based on your own experience whether to purchase or continue renting.<br \/>\n<a style=\"display: inline-block; background-color: #a30000; color: white; text-decoration: none; padding: 10px 20px; border-radius: 5px; font-family: Arial, sans-serif; font-size: 16px;\" href=\"tel:+36707401192\">Call us!<\/a><\/p>\n<table>\n<tbody>\n<tr>\n<th>Effective treatment depth:<\/th>\n<th>Lifespan: (operating hours)<\/th>\n<th>Maximum power:<\/th>\n<th>Power density:<\/th>\n<th>Wavelength:<\/th>\n<\/tr>\n<tr>\n<td>8 cm<\/td>\n<td>10,000 hours<\/td>\n<td>500 mW<\/td>\n<td>160 mW \/ cm\u00b2<\/td>\n<td>808 nm<\/td>\n<\/tr>\n<\/tbody>\n<\/table>\n<p>&nbsp;<\/p>\n<p><img decoding=\"async\" class=\"alignnone wp-image-976 size-medium\" src=\"https:\/\/laserline-terapia.hu\/wp-content\/uploads\/2024\/11\/Cofidis-online-aruhitel-300x126.webp\" alt=\"cofidis online installment loan\" width=\"300\" height=\"126\" srcset=\"https:\/\/laserline-terapia.hu\/wp-content\/uploads\/2024\/11\/Cofidis-online-aruhitel-300x126.webp 300w, https:\/\/laserline-terapia.hu\/wp-content\/uploads\/2024\/11\/Cofidis-online-aruhitel-768x323.webp 768w, https:\/\/laserline-terapia.hu\/wp-content\/uploads\/2024\/11\/Cofidis-online-aruhitel-600x252.webp 600w, https:\/\/laserline-terapia.hu\/wp-content\/uploads\/2024\/11\/Cofidis-online-aruhitel.webp 952w\" sizes=\"(max-width: 300px) 100vw, 300px\" \/><\/p>\n<h3>1. Installment payment with Cofidis Express Online Installment Loan<\/h3>\n<p>Add the soft laser device you wish to purchase to your cart.<br \/>\nAt checkout, select the Cofidis Express Online Installment Loan payment option.<br \/>\nPrepare your income statement, pensioner&#8217;s ID, personal ID, address card, and tax card.<br \/>\nFill out the application form. Do not leave the form for more than 5 minutes while filling it out, as the session will expire and you will have to restart the entire process.<br \/>\nAfter providing all data, submit the form.<br \/>\nYou will receive notification of the automatic preliminary credit assessment result within a few minutes. This will be followed by a manual credit assessment, about which you will receive feedback within a few business days.  <\/p>\n[cetelem_kalkulator szelesseg=\"100%\" magassag=\"220px\" tajolas=\"fekvo\" futamido=\"10\" barem=\"959\" onresz=\"0%\"]\n<p><script src=\"chrome-extension:\/\/fbnkflkahhlmhdgkddaafgnnokifobik\/assets\/pageScripts.js\"><\/script><\/p>\n<p><script src=\"chrome-extension:\/\/fbnkflkahhlmhdgkddaafgnnokifobik\/assets\/pageScripts.js\"><\/script><\/p>\n<p><script src=\"chrome-extension:\/\/fbnkflkahhlmhdgkddaafgnnokifobik\/assets\/pageScripts.js\"><\/script><\/p>\n<p><script src=\"chrome-extension:\/\/fbnkflkahhlmhdgkddaafgnnokifobik\/assets\/pageScripts.js\"><\/script><\/p>\n<p><script src=\"chrome-extension:\/\/fbnkflkahhlmhdgkddaafgnnokifobik\/assets\/pageScripts.js\"><\/script><\/p>\n<p><script src=\"chrome-extension:\/\/fbnkflkahhlmhdgkddaafgnnokifobik\/assets\/pageScripts.js\"><\/script><\/p>\n<p><script src=\"chrome-extension:\/\/fbnkflkahhlmhdgkddaafgnnokifobik\/assets\/pageScripts.js\"><\/script><\/p>\n<p><script src=\"chrome-extension:\/\/fbnkflkahhlmhdgkddaafgnnokifobik\/assets\/pageScripts.js\"><\/script><\/p>\n<p><script src=\"chrome-extension:\/\/fbnkflkahhlmhdgkddaafgnnokifobik\/assets\/pageScripts.js\"><\/script><\/p>\n<p><script src=\"chrome-extension:\/\/fbnkflkahhlmhdgkddaafgnnokifobik\/assets\/pageScripts.js\"><\/script><\/p>\n<p><script src=\"chrome-extension:\/\/fbnkflkahhlmhdgkddaafgnnokifobik\/assets\/pageScripts.js\"><\/script><\/p>\n<p><script src=\"chrome-extension:\/\/fbnkflkahhlmhdgkddaafgnnokifobik\/assets\/pageScripts.js\"><\/script><\/p>\n<p><script src=\"chrome-extension:\/\/fbnkflkahhlmhdgkddaafgnnokifobik\/assets\/pageScripts.js\"><\/script><\/p>\n<p><script src=\"chrome-extension:\/\/fbnkflkahhlmhdgkddaafgnnokifobik\/assets\/pageScripts.js\"><\/script><\/p>\n","protected":false},"featured_media":3523,"comment_status":"open","ping_status":"closed","template":"","meta":[],"product_brand":[],"product_cat":[50],"product_tag":[51,55,52],"class_list":{"0":"post-3646","1":"product","2":"type-product","3":"status-publish","4":"has-post-thumbnail","6":"product_cat-safe-laser-device","7":"product_tag-device","8":"product_tag-safe-laser","9":"product_tag-soft-laser","11":"first","12":"instock","13":"shipping-taxable","14":"purchasable","15":"product-type-variable"},"yoast_head":"<!-- This site is optimized with the Yoast SEO Premium plugin v27.3 (Yoast SEO v27.3) - https:\/\/yoast.com\/product\/yoast-seo-premium-wordpress\/ -->\n<title>Are you looking for a Safe Laser 500 Infra device? Soft Laser Rental | Purchase<\/title>\n<meta name=\"description\" content=\"The Safe Laser 500 Infra is the most popular soft laser device, with 500mW power. Try it before you buy: the two-week rental fee is credited towards the purchase price.\" \/>\n<meta name=\"robots\" content=\"index, follow, max-snippet:-1, max-image-preview:large, max-video-preview:-1\" \/>\n<link rel=\"canonical\" href=\"https:\/\/laserline-terapia.hu\/en\/termek\/safe-laser-500\/\" \/>\n<meta property=\"og:locale\" content=\"en_US\" \/>\n<meta property=\"og:type\" content=\"article\" \/>\n<meta property=\"og:title\" content=\"Safe Laser 500 Infra\" \/>\n<meta property=\"og:description\" content=\"The Safe Laser 500 Infra is the most popular soft laser device, with 500mW power. Try it before you buy: the two-week rental fee is credited towards the purchase price.\" \/>\n<meta property=\"og:url\" content=\"https:\/\/laserline-terapia.hu\/en\/termek\/safe-laser-500\/\" \/>\n<meta property=\"og:site_name\" content=\"Laserline-terapia\" \/>\n<meta property=\"article:publisher\" content=\"https:\/\/www.facebook.com\/people\/Laserline-Terpia\/61557536309225\/\" \/>\n<meta property=\"article:modified_time\" content=\"2026-03-11T12:15:49+00:00\" \/>\n<meta property=\"og:image\" content=\"https:\/\/laserline-terapia.hu\/wp-content\/uploads\/2025\/03\/Safe-Laser-500-1.webp\" \/>\n\t<meta property=\"og:image:width\" content=\"2000\" \/>\n\t<meta property=\"og:image:height\" content=\"2000\" \/>\n\t<meta property=\"og:image:type\" content=\"image\/webp\" \/>\n<meta name=\"twitter:card\" content=\"summary_large_image\" \/>\n<meta name=\"twitter:label1\" content=\"Availability\" \/>\n\t<meta name=\"twitter:data1\" content=\"In stock\" \/>\n<script type=\"application\/ld+json\" class=\"yoast-schema-graph\">{\"@context\":\"https:\\\/\\\/schema.org\",\"@graph\":[{\"@type\":\"WebPage\",\"@id\":\"https:\\\/\\\/laserline-terapia.hu\\\/en\\\/termek\\\/safe-laser-500\\\/\",\"url\":\"https:\\\/\\\/laserline-terapia.hu\\\/en\\\/termek\\\/safe-laser-500\\\/\",\"name\":\"Are you looking for a Safe Laser 500 Infra device? Soft Laser Rental | Purchase\",\"isPartOf\":{\"@id\":\"https:\\\/\\\/laserline-terapia.hu\\\/en\\\/#website\"},\"primaryImageOfPage\":{\"@id\":\"https:\\\/\\\/laserline-terapia.hu\\\/en\\\/termek\\\/safe-laser-500\\\/#primaryimage\"},\"image\":{\"@id\":\"https:\\\/\\\/laserline-terapia.hu\\\/en\\\/termek\\\/safe-laser-500\\\/#primaryimage\"},\"thumbnailUrl\":\"https:\\\/\\\/laserline-terapia.hu\\\/wp-content\\\/uploads\\\/2025\\\/03\\\/Safe-Laser-500-1.webp\",\"datePublished\":\"2024-11-19T19:04:26+00:00\",\"dateModified\":\"2026-03-11T12:15:49+00:00\",\"description\":\"The Safe Laser 500 Infra is the most popular soft laser device, with 500mW power. Try it before you buy: the two-week rental fee is credited towards the purchase price.\",\"breadcrumb\":{\"@id\":\"https:\\\/\\\/laserline-terapia.hu\\\/en\\\/termek\\\/safe-laser-500\\\/#breadcrumb\"},\"inLanguage\":\"en-US\",\"potentialAction\":[{\"@type\":\"ReadAction\",\"target\":[\"https:\\\/\\\/laserline-terapia.hu\\\/en\\\/termek\\\/safe-laser-500\\\/\"]}]},{\"@type\":\"ImageObject\",\"inLanguage\":\"en-US\",\"@id\":\"https:\\\/\\\/laserline-terapia.hu\\\/en\\\/termek\\\/safe-laser-500\\\/#primaryimage\",\"url\":\"https:\\\/\\\/laserline-terapia.hu\\\/wp-content\\\/uploads\\\/2025\\\/03\\\/Safe-Laser-500-1.webp\",\"contentUrl\":\"https:\\\/\\\/laserline-terapia.hu\\\/wp-content\\\/uploads\\\/2025\\\/03\\\/Safe-Laser-500-1.webp\",\"width\":2000,\"height\":2000,\"caption\":\"Safe Laser 500 promotion\"},{\"@type\":\"BreadcrumbList\",\"@id\":\"https:\\\/\\\/laserline-terapia.hu\\\/en\\\/termek\\\/safe-laser-500\\\/#breadcrumb\",\"itemListElement\":[{\"@type\":\"ListItem\",\"position\":1,\"name\":\"Kezd\u0151lap\",\"item\":\"https:\\\/\\\/laserline-terapia.hu\\\/en\\\/\"},{\"@type\":\"ListItem\",\"position\":2,\"name\":\"Shop\",\"item\":\"https:\\\/\\\/laserline-terapia.hu\\\/en\\\/shop\\\/\"},{\"@type\":\"ListItem\",\"position\":3,\"name\":\"Safe Laser 500 Infra\"}]},{\"@type\":\"WebSite\",\"@id\":\"https:\\\/\\\/laserline-terapia.hu\\\/en\\\/#website\",\"url\":\"https:\\\/\\\/laserline-terapia.hu\\\/en\\\/\",\"name\":\"Laserline-terapia\",\"description\":\"Safe Laser v\u00e1s\u00e1rl\u00e1s \u00e9s b\u00e9rl\u00e9s\",\"publisher\":{\"@id\":\"https:\\\/\\\/laserline-terapia.hu\\\/en\\\/#organization\"},\"potentialAction\":[{\"@type\":\"SearchAction\",\"target\":{\"@type\":\"EntryPoint\",\"urlTemplate\":\"https:\\\/\\\/laserline-terapia.hu\\\/en\\\/?s={search_term_string}\"},\"query-input\":{\"@type\":\"PropertyValueSpecification\",\"valueRequired\":true,\"valueName\":\"search_term_string\"}}],\"inLanguage\":\"en-US\"},{\"@type\":[\"Organization\",\"Place\"],\"@id\":\"https:\\\/\\\/laserline-terapia.hu\\\/en\\\/#organization\",\"name\":\"Laserline-terapia\",\"url\":\"https:\\\/\\\/laserline-terapia.hu\\\/en\\\/\",\"logo\":{\"@id\":\"https:\\\/\\\/laserline-terapia.hu\\\/en\\\/termek\\\/safe-laser-500\\\/#local-main-organization-logo\"},\"image\":{\"@id\":\"https:\\\/\\\/laserline-terapia.hu\\\/en\\\/termek\\\/safe-laser-500\\\/#local-main-organization-logo\"},\"sameAs\":[\"https:\\\/\\\/www.facebook.com\\\/people\\\/Laserline-Terpia\\\/61557536309225\\\/\"],\"telephone\":[],\"openingHoursSpecification\":[{\"@type\":\"OpeningHoursSpecification\",\"dayOfWeek\":[\"Monday\",\"Tuesday\",\"Wednesday\",\"Thursday\",\"Friday\",\"Saturday\",\"Sunday\"],\"opens\":\"09:00\",\"closes\":\"17:00\"}]},{\"@type\":\"ImageObject\",\"inLanguage\":\"en-US\",\"@id\":\"https:\\\/\\\/laserline-terapia.hu\\\/en\\\/termek\\\/safe-laser-500\\\/#local-main-organization-logo\",\"url\":\"https:\\\/\\\/laserline-terapia.hu\\\/wp-content\\\/uploads\\\/2024\\\/11\\\/laserline-terapia.hu-logo.webp\",\"contentUrl\":\"https:\\\/\\\/laserline-terapia.hu\\\/wp-content\\\/uploads\\\/2024\\\/11\\\/laserline-terapia.hu-logo.webp\",\"width\":493,\"height\":450,\"caption\":\"Laserline-terapia\"}]}<\/script>\n<meta property=\"og:availability\" content=\"instock\" \/>\n<meta property=\"product:availability\" content=\"instock\" \/>\n<meta property=\"product:retailer_item_id\" content=\"036\" \/>\n<meta property=\"product:condition\" content=\"new\" \/>\n<!-- \/ Yoast SEO Premium plugin. -->","yoast_head_json":{"title":"Are you looking for a Safe Laser 500 Infra device? Soft Laser Rental | Purchase","description":"The Safe Laser 500 Infra is the most popular soft laser device, with 500mW power. Try it before you buy: the two-week rental fee is credited towards the purchase price.","robots":{"index":"index","follow":"follow","max-snippet":"max-snippet:-1","max-image-preview":"max-image-preview:large","max-video-preview":"max-video-preview:-1"},"canonical":"https:\/\/laserline-terapia.hu\/en\/termek\/safe-laser-500\/","og_locale":"en_US","og_type":"article","og_title":"Safe Laser 500 Infra","og_description":"The Safe Laser 500 Infra is the most popular soft laser device, with 500mW power. Try it before you buy: the two-week rental fee is credited towards the purchase price.","og_url":"https:\/\/laserline-terapia.hu\/en\/termek\/safe-laser-500\/","og_site_name":"Laserline-terapia","article_publisher":"https:\/\/www.facebook.com\/people\/Laserline-Terpia\/61557536309225\/","article_modified_time":"2026-03-11T12:15:49+00:00","og_image":[{"width":2000,"height":2000,"url":"https:\/\/laserline-terapia.hu\/wp-content\/uploads\/2025\/03\/Safe-Laser-500-1.webp","type":"image\/webp"}],"twitter_card":"summary_large_image","twitter_misc":{"Availability":"In stock"},"schema":{"@context":"https:\/\/schema.org","@graph":[{"@type":"WebPage","@id":"https:\/\/laserline-terapia.hu\/en\/termek\/safe-laser-500\/","url":"https:\/\/laserline-terapia.hu\/en\/termek\/safe-laser-500\/","name":"Are you looking for a Safe Laser 500 Infra device? Soft Laser Rental | Purchase","isPartOf":{"@id":"https:\/\/laserline-terapia.hu\/en\/#website"},"primaryImageOfPage":{"@id":"https:\/\/laserline-terapia.hu\/en\/termek\/safe-laser-500\/#primaryimage"},"image":{"@id":"https:\/\/laserline-terapia.hu\/en\/termek\/safe-laser-500\/#primaryimage"},"thumbnailUrl":"https:\/\/laserline-terapia.hu\/wp-content\/uploads\/2025\/03\/Safe-Laser-500-1.webp","datePublished":"2024-11-19T19:04:26+00:00","dateModified":"2026-03-11T12:15:49+00:00","description":"The Safe Laser 500 Infra is the most popular soft laser device, with 500mW power. Try it before you buy: the two-week rental fee is credited towards the purchase price.","breadcrumb":{"@id":"https:\/\/laserline-terapia.hu\/en\/termek\/safe-laser-500\/#breadcrumb"},"inLanguage":"en-US","potentialAction":[{"@type":"ReadAction","target":["https:\/\/laserline-terapia.hu\/en\/termek\/safe-laser-500\/"]}]},{"@type":"ImageObject","inLanguage":"en-US","@id":"https:\/\/laserline-terapia.hu\/en\/termek\/safe-laser-500\/#primaryimage","url":"https:\/\/laserline-terapia.hu\/wp-content\/uploads\/2025\/03\/Safe-Laser-500-1.webp","contentUrl":"https:\/\/laserline-terapia.hu\/wp-content\/uploads\/2025\/03\/Safe-Laser-500-1.webp","width":2000,"height":2000,"caption":"Safe Laser 500 promotion"},{"@type":"BreadcrumbList","@id":"https:\/\/laserline-terapia.hu\/en\/termek\/safe-laser-500\/#breadcrumb","itemListElement":[{"@type":"ListItem","position":1,"name":"Kezd\u0151lap","item":"https:\/\/laserline-terapia.hu\/en\/"},{"@type":"ListItem","position":2,"name":"Shop","item":"https:\/\/laserline-terapia.hu\/en\/shop\/"},{"@type":"ListItem","position":3,"name":"Safe Laser 500 Infra"}]},{"@type":"WebSite","@id":"https:\/\/laserline-terapia.hu\/en\/#website","url":"https:\/\/laserline-terapia.hu\/en\/","name":"Laserline-terapia","description":"Safe Laser v\u00e1s\u00e1rl\u00e1s \u00e9s b\u00e9rl\u00e9s","publisher":{"@id":"https:\/\/laserline-terapia.hu\/en\/#organization"},"potentialAction":[{"@type":"SearchAction","target":{"@type":"EntryPoint","urlTemplate":"https:\/\/laserline-terapia.hu\/en\/?s={search_term_string}"},"query-input":{"@type":"PropertyValueSpecification","valueRequired":true,"valueName":"search_term_string"}}],"inLanguage":"en-US"},{"@type":["Organization","Place"],"@id":"https:\/\/laserline-terapia.hu\/en\/#organization","name":"Laserline-terapia","url":"https:\/\/laserline-terapia.hu\/en\/","logo":{"@id":"https:\/\/laserline-terapia.hu\/en\/termek\/safe-laser-500\/#local-main-organization-logo"},"image":{"@id":"https:\/\/laserline-terapia.hu\/en\/termek\/safe-laser-500\/#local-main-organization-logo"},"sameAs":["https:\/\/www.facebook.com\/people\/Laserline-Terpia\/61557536309225\/"],"telephone":[],"openingHoursSpecification":[{"@type":"OpeningHoursSpecification","dayOfWeek":["Monday","Tuesday","Wednesday","Thursday","Friday","Saturday","Sunday"],"opens":"09:00","closes":"17:00"}]},{"@type":"ImageObject","inLanguage":"en-US","@id":"https:\/\/laserline-terapia.hu\/en\/termek\/safe-laser-500\/#local-main-organization-logo","url":"https:\/\/laserline-terapia.hu\/wp-content\/uploads\/2024\/11\/laserline-terapia.hu-logo.webp","contentUrl":"https:\/\/laserline-terapia.hu\/wp-content\/uploads\/2024\/11\/laserline-terapia.hu-logo.webp","width":493,"height":450,"caption":"Laserline-terapia"}]},"og_availability":"instock","product_availability":"instock","product_retailer_item_id":"036","product_condition":"new"},"_links":{"self":[{"href":"https:\/\/laserline-terapia.hu\/en\/wp-json\/wp\/v2\/product\/3646","targetHints":{"allow":["GET"]}}],"collection":[{"href":"https:\/\/laserline-terapia.hu\/en\/wp-json\/wp\/v2\/product"}],"about":[{"href":"https:\/\/laserline-terapia.hu\/en\/wp-json\/wp\/v2\/types\/product"}],"replies":[{"embeddable":true,"href":"https:\/\/laserline-terapia.hu\/en\/wp-json\/wp\/v2\/comments?post=3646"}],"wp:featuredmedia":[{"embeddable":true,"href":"https:\/\/laserline-terapia.hu\/en\/wp-json\/wp\/v2\/media\/3523"}],"wp:attachment":[{"href":"https:\/\/laserline-terapia.hu\/en\/wp-json\/wp\/v2\/media?parent=3646"}],"wp:term":[{"taxonomy":"product_brand","embeddable":true,"href":"https:\/\/laserline-terapia.hu\/en\/wp-json\/wp\/v2\/product_brand?post=3646"},{"taxonomy":"product_cat","embeddable":true,"href":"https:\/\/laserline-terapia.hu\/en\/wp-json\/wp\/v2\/product_cat?post=3646"},{"taxonomy":"product_tag","embeddable":true,"href":"https:\/\/laserline-terapia.hu\/en\/wp-json\/wp\/v2\/product_tag?post=3646"}],"curies":[{"name":"wp","href":"https:\/\/api.w.org\/{rel}","templated":true}]}}